{"id":542,"date":"2020-04-10T15:21:29","date_gmt":"2020-04-10T14:21:29","guid":{"rendered":"https:\/\/aroundersenseofpurpose.eu\/it\/?page_id=542"},"modified":"2021-10-05T15:19:00","modified_gmt":"2021-10-05T14:19:00","slug":"sdg13","status":"publish","type":"page","link":"https:\/\/aroundersenseofpurpose.eu\/it\/sdgs\/sdg13\/","title":{"rendered":"Lotta contro il cambiamento climatico"},"content":{"rendered":"\n<p>Come sostiene l&#8217;ONU: Il cambiamento climatico sta colpendo tutti i paesi di ogni continente. Sta distruggendo le economie nazionali e impattando sulle vite delle persone, costando caro ad esse, alle comunit\u00e0 e paesi, oggi e ancora di pi\u00f9 domani. Il clima sta cambiando, il livello del mare si sta alzando, gli eventi meteorologici stanno diventando pi\u00f9 estremi e le emissioni di gas serra sono ora ai livelli pi\u00f9 alti della storia. Senza un&#8217;azione, l&#8217;aumento della temperatura media della superficie terrestre rischia di superare i 3 gradi centigradi in questo secolo. Le persone pi\u00f9 povere e vulnerabili sono le pi\u00f9 colpite.<\/p>\n","protected":false},"excerpt":{"rendered":"<p>Come sostiene l&#8217;ONU: Il cambiamento climatico sta colpendo tutti i paesi di ogni continente. Sta distruggendo le economie nazionali e impattando sulle vite delle persone, costando caro ad esse, alle comunit\u00e0 e paesi, oggi e ancora di pi\u00f9 domani. Il clima sta cambiando, il livello del mare si sta alzando, gli eventi meteorologici stanno diventando [&hellip;]<\/p>\n","protected":false},"author":1,"featured_media":0,"parent":425,"menu_order":0,"comment_status":"closed","ping_status":"closed","template":"page-sdg.php","meta":{"footnotes":""},"class_list":["post-542","page","type-page","status-publish","hentry"],"_links":{"self":[{"href":"https:\/\/aroundersenseofpurpose.eu\/it\/wp-json\/wp\/v2\/pages\/542","targetHints":{"allow":["GET"]}}],"collection":[{"href":"https:\/\/aroundersenseofpurpose.eu\/it\/wp-json\/wp\/v2\/pages"}],"about":[{"href":"https:\/\/aroundersenseofpurpose.eu\/it\/wp-json\/wp\/v2\/types\/page"}],"author":[{"embeddable":true,"href":"https:\/\/aroundersenseofpurpose.eu\/it\/wp-json\/wp\/v2\/users\/1"}],"replies":[{"embeddable":true,"href":"https:\/\/aroundersenseofpurpose.eu\/it\/wp-json\/wp\/v2\/comments?post=542"}],"version-history":[{"count":5,"href":"https:\/\/aroundersenseofpurpose.eu\/it\/wp-json\/wp\/v2\/pages\/542\/revisions"}],"predecessor-version":[{"id":2978,"href":"https:\/\/aroundersenseofpurpose.eu\/it\/wp-json\/wp\/v2\/pages\/542\/revisions\/2978"}],"up":[{"embeddable":true,"href":"https:\/\/aroundersenseofpurpose.eu\/it\/wp-json\/wp\/v2\/pages\/425"}],"wp:attachment":[{"href":"https:\/\/aroundersenseofpurpose.eu\/it\/wp-json\/wp\/v2\/media?parent=542"}],"curies":[{"name":"wp","href":"https:\/\/api.w.org\/{rel}","templated":true}]}}