{"id":538,"date":"2020-04-10T15:20:00","date_gmt":"2020-04-10T14:20:00","guid":{"rendered":"https:\/\/aroundersenseofpurpose.eu\/it\/?page_id=538"},"modified":"2021-10-05T15:17:34","modified_gmt":"2021-10-05T14:17:34","slug":"sdg11","status":"publish","type":"page","link":"https:\/\/aroundersenseofpurpose.eu\/it\/sdgs\/sdg11\/","title":{"rendered":"Citt\u00e0 e comunit\u00e0 sostenibili"},"content":{"rendered":"\n<p>Come sostiene l&#8217;ONU: Le sfide poste dalla rapida urbanizzazione, come la gestione dei rifiuti all&#8217;interno delle citt\u00e0, possono essere superate attraverso modalit\u00e0 che permettono a queste di continuare a svilupparsi, migliorando al contempo l&#8217;uso delle risorse e riducendo l&#8217;inquinamento e la povert\u00e0. Uno di questi esempi \u00e8 il miglioramento di una sana ed efficiente gestione della raccolta dei rifiuti urbani. C&#8217;\u00e8 bisogno di un futuro in cui le citt\u00e0 forniscano opportunit\u00e0 per tutti, con accesso ai servizi di base, all&#8217;energia, agli alloggi, ai trasporti e altro ancora.<\/p>\n","protected":false},"excerpt":{"rendered":"<p>Come sostiene l&#8217;ONU: Le sfide poste dalla rapida urbanizzazione, come la gestione dei rifiuti all&#8217;interno delle citt\u00e0, possono essere superate attraverso modalit\u00e0 che permettono a queste di continuare a svilupparsi, migliorando al contempo l&#8217;uso delle risorse e riducendo l&#8217;inquinamento e la povert\u00e0. Uno di questi esempi \u00e8 il miglioramento di una sana ed efficiente gestione [&hellip;]<\/p>\n","protected":false},"author":1,"featured_media":0,"parent":425,"menu_order":0,"comment_status":"closed","ping_status":"closed","template":"page-sdg.php","meta":{"footnotes":""},"class_list":["post-538","page","type-page","status-publish","hentry"],"_links":{"self":[{"href":"https:\/\/aroundersenseofpurpose.eu\/it\/wp-json\/wp\/v2\/pages\/538","targetHints":{"allow":["GET"]}}],"collection":[{"href":"https:\/\/aroundersenseofpurpose.eu\/it\/wp-json\/wp\/v2\/pages"}],"about":[{"href":"https:\/\/aroundersenseofpurpose.eu\/it\/wp-json\/wp\/v2\/types\/page"}],"author":[{"embeddable":true,"href":"https:\/\/aroundersenseofpurpose.eu\/it\/wp-json\/wp\/v2\/users\/1"}],"replies":[{"embeddable":true,"href":"https:\/\/aroundersenseofpurpose.eu\/it\/wp-json\/wp\/v2\/comments?post=538"}],"version-history":[{"count":5,"href":"https:\/\/aroundersenseofpurpose.eu\/it\/wp-json\/wp\/v2\/pages\/538\/revisions"}],"predecessor-version":[{"id":2972,"href":"https:\/\/aroundersenseofpurpose.eu\/it\/wp-json\/wp\/v2\/pages\/538\/revisions\/2972"}],"up":[{"embeddable":true,"href":"https:\/\/aroundersenseofpurpose.eu\/it\/wp-json\/wp\/v2\/pages\/425"}],"wp:attachment":[{"href":"https:\/\/aroundersenseofpurpose.eu\/it\/wp-json\/wp\/v2\/media?parent=538"}],"curies":[{"name":"wp","href":"https:\/\/api.w.org\/{rel}","templated":true}]}}