{"id":534,"date":"2020-04-10T15:18:25","date_gmt":"2020-04-10T14:18:25","guid":{"rendered":"https:\/\/aroundersenseofpurpose.eu\/it\/?page_id=534"},"modified":"2021-10-05T15:18:29","modified_gmt":"2021-10-05T14:18:29","slug":"sdg9","status":"publish","type":"page","link":"https:\/\/aroundersenseofpurpose.eu\/it\/sdgs\/sdg9\/","title":{"rendered":"Imprese, innovazione e infrastrutture"},"content":{"rendered":"\n<p>Come sostiene l&#8217;ONU: Gli investimenti nelle infrastrutture &#8211; trasporti, reti di irrigazione, energia e tecnologia dell&#8217;informazione e della comunicazione-\u00a0\u00a0sono cruciali per raggiungere uno sviluppo sostenibile e per rafforzare e sviluppare le comunit\u00e0 in molti paesi. \u00c8 stato riconosciuto da tempo che la crescita della produttivit\u00e0 e dei redditi, e il miglioramento della salute e dell&#8217;istruzione, richiedono investimenti in infrastrutture.<\/p>\n","protected":false},"excerpt":{"rendered":"<p>Come sostiene l&#8217;ONU: Gli investimenti nelle infrastrutture &#8211; trasporti, reti di irrigazione, energia e tecnologia dell&#8217;informazione e della comunicazione-\u00a0\u00a0sono cruciali per raggiungere uno sviluppo sostenibile e per rafforzare e sviluppare le comunit\u00e0 in molti paesi. \u00c8 stato riconosciuto da tempo che la crescita della produttivit\u00e0 e dei redditi, e il miglioramento della salute e dell&#8217;istruzione, [&hellip;]<\/p>\n","protected":false},"author":1,"featured_media":0,"parent":425,"menu_order":0,"comment_status":"closed","ping_status":"closed","template":"page-sdg.php","meta":{"footnotes":""},"class_list":["post-534","page","type-page","status-publish","hentry"],"_links":{"self":[{"href":"https:\/\/aroundersenseofpurpose.eu\/it\/wp-json\/wp\/v2\/pages\/534","targetHints":{"allow":["GET"]}}],"collection":[{"href":"https:\/\/aroundersenseofpurpose.eu\/it\/wp-json\/wp\/v2\/pages"}],"about":[{"href":"https:\/\/aroundersenseofpurpose.eu\/it\/wp-json\/wp\/v2\/types\/page"}],"author":[{"embeddable":true,"href":"https:\/\/aroundersenseofpurpose.eu\/it\/wp-json\/wp\/v2\/users\/1"}],"replies":[{"embeddable":true,"href":"https:\/\/aroundersenseofpurpose.eu\/it\/wp-json\/wp\/v2\/comments?post=534"}],"version-history":[{"count":5,"href":"https:\/\/aroundersenseofpurpose.eu\/it\/wp-json\/wp\/v2\/pages\/534\/revisions"}],"predecessor-version":[{"id":2975,"href":"https:\/\/aroundersenseofpurpose.eu\/it\/wp-json\/wp\/v2\/pages\/534\/revisions\/2975"}],"up":[{"embeddable":true,"href":"https:\/\/aroundersenseofpurpose.eu\/it\/wp-json\/wp\/v2\/pages\/425"}],"wp:attachment":[{"href":"https:\/\/aroundersenseofpurpose.eu\/it\/wp-json\/wp\/v2\/media?parent=534"}],"curies":[{"name":"wp","href":"https:\/\/api.w.org\/{rel}","templated":true}]}}