{"id":532,"date":"2020-04-10T15:17:15","date_gmt":"2020-04-10T14:17:15","guid":{"rendered":"https:\/\/aroundersenseofpurpose.eu\/it\/?page_id=532"},"modified":"2021-10-05T15:18:50","modified_gmt":"2021-10-05T14:18:50","slug":"sdg8","status":"publish","type":"page","link":"https:\/\/aroundersenseofpurpose.eu\/it\/sdgs\/sdg8\/","title":{"rendered":"Lavoro dignitoso e crescita economica"},"content":{"rendered":"\n<p>Come sostiene l&#8217;ONU: La crescita economica sostenibile richieder\u00e0 alle societ\u00e0 di creare le condizioni che permettono alle persone di avere accesso a lavori di qualit\u00e0 che stimolino l&#8217;economia senza danneggiare l&#8217;ambiente. Opportunit\u00e0 di lavoro e condizioni dignitose sono necessarie anche per tutta la popolazione in et\u00e0 lavorativa. C&#8217;\u00e8 bisogno di un maggiore accesso ai servizi finanziari per gestire i redditi, accumulare beni e fare investimenti produttivi. Un maggiore impegno per le infrastrutture commerciali, bancarie e agricole aiuter\u00e0 anche ad aumentare la produttivit\u00e0 e a ridurre i livelli di disoccupazione nelle regioni pi\u00f9 povere del mondo.<\/p>\n","protected":false},"excerpt":{"rendered":"<p>Come sostiene l&#8217;ONU: La crescita economica sostenibile richieder\u00e0 alle societ\u00e0 di creare le condizioni che permettono alle persone di avere accesso a lavori di qualit\u00e0 che stimolino l&#8217;economia senza danneggiare l&#8217;ambiente. Opportunit\u00e0 di lavoro e condizioni dignitose sono necessarie anche per tutta la popolazione in et\u00e0 lavorativa. C&#8217;\u00e8 bisogno di un maggiore accesso ai servizi [&hellip;]<\/p>\n","protected":false},"author":1,"featured_media":0,"parent":425,"menu_order":0,"comment_status":"closed","ping_status":"closed","template":"page-sdg.php","meta":{"footnotes":""},"class_list":["post-532","page","type-page","status-publish","hentry"],"_links":{"self":[{"href":"https:\/\/aroundersenseofpurpose.eu\/it\/wp-json\/wp\/v2\/pages\/532","targetHints":{"allow":["GET"]}}],"collection":[{"href":"https:\/\/aroundersenseofpurpose.eu\/it\/wp-json\/wp\/v2\/pages"}],"about":[{"href":"https:\/\/aroundersenseofpurpose.eu\/it\/wp-json\/wp\/v2\/types\/page"}],"author":[{"embeddable":true,"href":"https:\/\/aroundersenseofpurpose.eu\/it\/wp-json\/wp\/v2\/users\/1"}],"replies":[{"embeddable":true,"href":"https:\/\/aroundersenseofpurpose.eu\/it\/wp-json\/wp\/v2\/comments?post=532"}],"version-history":[{"count":5,"href":"https:\/\/aroundersenseofpurpose.eu\/it\/wp-json\/wp\/v2\/pages\/532\/revisions"}],"predecessor-version":[{"id":2977,"href":"https:\/\/aroundersenseofpurpose.eu\/it\/wp-json\/wp\/v2\/pages\/532\/revisions\/2977"}],"up":[{"embeddable":true,"href":"https:\/\/aroundersenseofpurpose.eu\/it\/wp-json\/wp\/v2\/pages\/425"}],"wp:attachment":[{"href":"https:\/\/aroundersenseofpurpose.eu\/it\/wp-json\/wp\/v2\/media?parent=532"}],"curies":[{"name":"wp","href":"https:\/\/api.w.org\/{rel}","templated":true}]}}