{"id":530,"date":"2020-04-10T15:16:15","date_gmt":"2020-04-10T14:16:15","guid":{"rendered":"https:\/\/aroundersenseofpurpose.eu\/it\/?page_id=530"},"modified":"2021-10-05T15:18:09","modified_gmt":"2021-10-05T14:18:09","slug":"sdg7","status":"publish","type":"page","link":"https:\/\/aroundersenseofpurpose.eu\/it\/sdgs\/sdg7\/","title":{"rendered":"Energia pulita e accessibile"},"content":{"rendered":"\n<p>Come sostiene l&#8217;ONU: L&#8217;energia \u00e8 centrale per quasi tutte le principali sfide e opportunit\u00e0 che il mondo deve affrontare oggi. Che si tratti di lavoro, sicurezza, cambiamento climatico, produzione alimentare o aumento dei redditi, l&#8217;accesso all&#8217;energia per tutti \u00e8 essenziale. Lavorare per questo obiettivo \u00e8 particolarmente importante perch\u00e9 si collega ad altri obiettivi di sviluppo sostenibile. Concentrarsi sull&#8217;accesso universale all&#8217;energia, sull&#8217;aumento dell&#8217;efficienza energetica e sull&#8217;incremento dell&#8217;uso dell&#8217;energia rinnovabile attraverso nuove opportunit\u00e0 economiche e lavorative \u00e8 fondamentale per creare comunit\u00e0 pi\u00f9 sostenibili, inclusive e resilienti alle problematiche ambientali come il cambiamento climatico.<\/p>\n","protected":false},"excerpt":{"rendered":"<p>Come sostiene l&#8217;ONU: L&#8217;energia \u00e8 centrale per quasi tutte le principali sfide e opportunit\u00e0 che il mondo deve affrontare oggi. Che si tratti di lavoro, sicurezza, cambiamento climatico, produzione alimentare o aumento dei redditi, l&#8217;accesso all&#8217;energia per tutti \u00e8 essenziale. Lavorare per questo obiettivo \u00e8 particolarmente importante perch\u00e9 si collega ad altri obiettivi di sviluppo [&hellip;]<\/p>\n","protected":false},"author":1,"featured_media":0,"parent":425,"menu_order":0,"comment_status":"closed","ping_status":"closed","template":"page-sdg.php","meta":{"footnotes":""},"class_list":["post-530","page","type-page","status-publish","hentry"],"_links":{"self":[{"href":"https:\/\/aroundersenseofpurpose.eu\/it\/wp-json\/wp\/v2\/pages\/530","targetHints":{"allow":["GET"]}}],"collection":[{"href":"https:\/\/aroundersenseofpurpose.eu\/it\/wp-json\/wp\/v2\/pages"}],"about":[{"href":"https:\/\/aroundersenseofpurpose.eu\/it\/wp-json\/wp\/v2\/types\/page"}],"author":[{"embeddable":true,"href":"https:\/\/aroundersenseofpurpose.eu\/it\/wp-json\/wp\/v2\/users\/1"}],"replies":[{"embeddable":true,"href":"https:\/\/aroundersenseofpurpose.eu\/it\/wp-json\/wp\/v2\/comments?post=530"}],"version-history":[{"count":5,"href":"https:\/\/aroundersenseofpurpose.eu\/it\/wp-json\/wp\/v2\/pages\/530\/revisions"}],"predecessor-version":[{"id":2974,"href":"https:\/\/aroundersenseofpurpose.eu\/it\/wp-json\/wp\/v2\/pages\/530\/revisions\/2974"}],"up":[{"embeddable":true,"href":"https:\/\/aroundersenseofpurpose.eu\/it\/wp-json\/wp\/v2\/pages\/425"}],"wp:attachment":[{"href":"https:\/\/aroundersenseofpurpose.eu\/it\/wp-json\/wp\/v2\/media?parent=530"}],"curies":[{"name":"wp","href":"https:\/\/api.w.org\/{rel}","templated":true}]}}