{"id":526,"date":"2020-04-10T15:12:45","date_gmt":"2020-04-10T14:12:45","guid":{"rendered":"https:\/\/aroundersenseofpurpose.eu\/it\/?page_id=526"},"modified":"2021-10-05T15:19:26","modified_gmt":"2021-10-05T14:19:26","slug":"sdg5","status":"publish","type":"page","link":"https:\/\/aroundersenseofpurpose.eu\/it\/sdgs\/sdg5\/","title":{"rendered":"Parit\u00e0 di genere"},"content":{"rendered":"\n<p>Come sostiene l&#8217;ONU: Fornire alle donne e alle ragazze pari accesso all&#8217;istruzione, all&#8217;assistenza sanitaria, a un lavoro dignitoso e alla rappresentanza nei processi decisionali politici ed economici alimenter\u00e0 economie sostenibili e porter\u00e0 benefici alle societ\u00e0 e all&#8217;umanit\u00e0 in generale. L&#8217;implementazione di nuovi quadri giuridici riguardanti l&#8217;uguaglianza femminile sul posto di lavoro e lo smantellamento di pratiche dannose rivolte alle donne \u00e8 fondamentale per porre fine alla discriminazione di genere prevalente in molti paesi del mondo.<\/p>\n","protected":false},"excerpt":{"rendered":"<p>Come sostiene l&#8217;ONU: Fornire alle donne e alle ragazze pari accesso all&#8217;istruzione, all&#8217;assistenza sanitaria, a un lavoro dignitoso e alla rappresentanza nei processi decisionali politici ed economici alimenter\u00e0 economie sostenibili e porter\u00e0 benefici alle societ\u00e0 e all&#8217;umanit\u00e0 in generale. L&#8217;implementazione di nuovi quadri giuridici riguardanti l&#8217;uguaglianza femminile sul posto di lavoro e lo smantellamento di [&hellip;]<\/p>\n","protected":false},"author":1,"featured_media":0,"parent":425,"menu_order":0,"comment_status":"closed","ping_status":"closed","template":"page-sdg.php","meta":{"footnotes":""},"class_list":["post-526","page","type-page","status-publish","hentry"],"_links":{"self":[{"href":"https:\/\/aroundersenseofpurpose.eu\/it\/wp-json\/wp\/v2\/pages\/526","targetHints":{"allow":["GET"]}}],"collection":[{"href":"https:\/\/aroundersenseofpurpose.eu\/it\/wp-json\/wp\/v2\/pages"}],"about":[{"href":"https:\/\/aroundersenseofpurpose.eu\/it\/wp-json\/wp\/v2\/types\/page"}],"author":[{"embeddable":true,"href":"https:\/\/aroundersenseofpurpose.eu\/it\/wp-json\/wp\/v2\/users\/1"}],"replies":[{"embeddable":true,"href":"https:\/\/aroundersenseofpurpose.eu\/it\/wp-json\/wp\/v2\/comments?post=526"}],"version-history":[{"count":5,"href":"https:\/\/aroundersenseofpurpose.eu\/it\/wp-json\/wp\/v2\/pages\/526\/revisions"}],"predecessor-version":[{"id":2980,"href":"https:\/\/aroundersenseofpurpose.eu\/it\/wp-json\/wp\/v2\/pages\/526\/revisions\/2980"}],"up":[{"embeddable":true,"href":"https:\/\/aroundersenseofpurpose.eu\/it\/wp-json\/wp\/v2\/pages\/425"}],"wp:attachment":[{"href":"https:\/\/aroundersenseofpurpose.eu\/it\/wp-json\/wp\/v2\/media?parent=526"}],"curies":[{"name":"wp","href":"https:\/\/api.w.org\/{rel}","templated":true}]}}