{"id":524,"date":"2020-04-10T15:11:53","date_gmt":"2020-04-10T14:11:53","guid":{"rendered":"https:\/\/aroundersenseofpurpose.eu\/it\/?page_id=524"},"modified":"2021-10-05T15:18:38","modified_gmt":"2021-10-05T14:18:38","slug":"sdg4","status":"publish","type":"page","link":"https:\/\/aroundersenseofpurpose.eu\/it\/sdgs\/sdg4\/","title":{"rendered":"Istruzione di qualit\u00e0"},"content":{"rendered":"\n<p>Come sostiene l&#8217;ONU: Ottenere un&#8217;istruzione di qualit\u00e0 \u00e8 la base per raggiungere uno sviluppo sostenibile. Oltre a migliorare la qualit\u00e0 della vita, l&#8217;accesso inclusivo all&#8217;istruzione pu\u00f2 aiutare a dotare le persone a livello locale di strumenti necessari per sviluppare soluzioni innovative ai pi\u00f9 grandi problemi del mondo.<\/p>\n","protected":false},"excerpt":{"rendered":"<p>Come sostiene l&#8217;ONU: Ottenere un&#8217;istruzione di qualit\u00e0 \u00e8 la base per raggiungere uno sviluppo sostenibile. Oltre a migliorare la qualit\u00e0 della vita, l&#8217;accesso inclusivo all&#8217;istruzione pu\u00f2 aiutare a dotare le persone a livello locale di strumenti necessari per sviluppare soluzioni innovative ai pi\u00f9 grandi problemi del mondo.<\/p>\n","protected":false},"author":1,"featured_media":0,"parent":425,"menu_order":0,"comment_status":"closed","ping_status":"closed","template":"page-sdg.php","meta":{"footnotes":""},"class_list":["post-524","page","type-page","status-publish","hentry"],"_links":{"self":[{"href":"https:\/\/aroundersenseofpurpose.eu\/it\/wp-json\/wp\/v2\/pages\/524","targetHints":{"allow":["GET"]}}],"collection":[{"href":"https:\/\/aroundersenseofpurpose.eu\/it\/wp-json\/wp\/v2\/pages"}],"about":[{"href":"https:\/\/aroundersenseofpurpose.eu\/it\/wp-json\/wp\/v2\/types\/page"}],"author":[{"embeddable":true,"href":"https:\/\/aroundersenseofpurpose.eu\/it\/wp-json\/wp\/v2\/users\/1"}],"replies":[{"embeddable":true,"href":"https:\/\/aroundersenseofpurpose.eu\/it\/wp-json\/wp\/v2\/comments?post=524"}],"version-history":[{"count":5,"href":"https:\/\/aroundersenseofpurpose.eu\/it\/wp-json\/wp\/v2\/pages\/524\/revisions"}],"predecessor-version":[{"id":2976,"href":"https:\/\/aroundersenseofpurpose.eu\/it\/wp-json\/wp\/v2\/pages\/524\/revisions\/2976"}],"up":[{"embeddable":true,"href":"https:\/\/aroundersenseofpurpose.eu\/it\/wp-json\/wp\/v2\/pages\/425"}],"wp:attachment":[{"href":"https:\/\/aroundersenseofpurpose.eu\/it\/wp-json\/wp\/v2\/media?parent=524"}],"curies":[{"name":"wp","href":"https:\/\/api.w.org\/{rel}","templated":true}]}}