{"id":491,"date":"2020-04-10T12:51:09","date_gmt":"2020-04-10T11:51:09","guid":{"rendered":"https:\/\/aroundersenseofpurpose.eu\/it\/?page_id=491"},"modified":"2021-10-05T16:29:47","modified_gmt":"2021-10-05T15:29:47","slug":"ec-ref","status":"publish","type":"page","link":"https:\/\/aroundersenseofpurpose.eu\/it\/framework\/ec-ref\/","title":{"rendered":"Responsabilit\u00e0"},"content":{"rendered":"\n<p>L\u2019educatore aiuta i <em>learner<\/em> a riflettere sulle proprie azioni, ad agire in modo trasparente, e ad accettare le proprie responsabilit\u00e0 personali sul lavoro<\/p>\n\n\n\n<h3 class=\"wp-block-heading\">Obiettivi di apprendimento<\/h3>\n\n\n\n<p>L&#8217;educatore aiuta i <em>learner<\/em> a \u2026<\/p>\n\n\n\n<ul class=\"wp-block-list\"><li>8.1 Identificare le potenziali conseguenze, sociali, ambientali ed economiche, delle proprie decisioni e azioni&nbsp;<\/li><li>8.2 Accettare una responsabilit\u00e0 e affidabilit\u00e0 personale, quando \u00e8 il caso, per le proprie decisioni ed azioni&nbsp;<\/li><li>8.3 Riflettere criticamente sulle proprie decisioni e azioni, e su quelle degli altri, cercando opportunit\u00e0 per miglioramenti e sviluppi&nbsp;<\/li><\/ul>\n\n\n\n<h3 class=\"wp-block-heading\">Sotto-componenti\/Descrittori<\/h3>\n\n\n\n<p>Per raggiungere gli obiettivi di apprendimento sopra indicati, l&#8217;educatore dovrebbe essere capace di:<\/p>\n\n\n\n<ul class=\"wp-block-list\"><li>UC 8.1 Incoraggiare i <em>learner<\/em> a considerare le conseguenze delle proprie decisioni e azioni, usando tecniche e approcci come giochi di simulazione, mappe concettuali e apprendimento per progetti.<\/li><li>UC 8.2 Aiutare i <em>learner<\/em> a riconoscere l\u2019insieme di diritti, ruoli e responsabilit\u00e0, e i sistemi attraverso i quali le persone possono essere chiamate a risponderne<\/li><li>UC 8.3 Riflettere sul proprio lavoro e sul proprio operato e comportarsi essi stessi in maniera responsabile e trasparente<\/li><\/ul>\n","protected":false},"excerpt":{"rendered":"<p>L&#8217;educatore e\/o l&#8217;insegnante aiuta gli studenti a riflettere sulle proprie azioni, ad agire in modo trasparente e ad accettare la responsabilit\u00e0 personale del loro lavoro<\/p>\n","protected":false},"author":1,"featured_media":0,"parent":1698,"menu_order":0,"comment_status":"closed","ping_status":"closed","template":"page-competence.php","meta":{"footnotes":""},"class_list":["post-491","page","type-page","status-publish","hentry"],"_links":{"self":[{"href":"https:\/\/aroundersenseofpurpose.eu\/it\/wp-json\/wp\/v2\/pages\/491","targetHints":{"allow":["GET"]}}],"collection":[{"href":"https:\/\/aroundersenseofpurpose.eu\/it\/wp-json\/wp\/v2\/pages"}],"about":[{"href":"https:\/\/aroundersenseofpurpose.eu\/it\/wp-json\/wp\/v2\/types\/page"}],"author":[{"embeddable":true,"href":"https:\/\/aroundersenseofpurpose.eu\/it\/wp-json\/wp\/v2\/users\/1"}],"replies":[{"embeddable":true,"href":"https:\/\/aroundersenseofpurpose.eu\/it\/wp-json\/wp\/v2\/comments?post=491"}],"version-history":[{"count":11,"href":"https:\/\/aroundersenseofpurpose.eu\/it\/wp-json\/wp\/v2\/pages\/491\/revisions"}],"predecessor-version":[{"id":3006,"href":"https:\/\/aroundersenseofpurpose.eu\/it\/wp-json\/wp\/v2\/pages\/491\/revisions\/3006"}],"up":[{"embeddable":true,"href":"https:\/\/aroundersenseofpurpose.eu\/it\/wp-json\/wp\/v2\/pages\/1698"}],"wp:attachment":[{"href":"https:\/\/aroundersenseofpurpose.eu\/it\/wp-json\/wp\/v2\/media?parent=491"}],"curies":[{"name":"wp","href":"https:\/\/api.w.org\/{rel}","templated":true}]}}