{"id":474,"date":"2020-04-10T12:21:53","date_gmt":"2020-04-10T11:21:53","guid":{"rendered":"https:\/\/aroundersenseofpurpose.eu\/it\/?page_id=474"},"modified":"2021-10-05T16:26:09","modified_gmt":"2021-10-05T15:26:09","slug":"th-inv","status":"publish","type":"page","link":"https:\/\/aroundersenseofpurpose.eu\/it\/framework\/th-inv\/","title":{"rendered":"Attenzione"},"content":{"rendered":"\n<p>L&#8217;educatore aiuta i <em>learner<\/em> a cogliere\u00a0\u00a0le cause strutturali dell\u2019insostenibilit\u00e0 della nostra societ\u00e0 e a come si sta determinando, e li rende maggiormente consapevoli dell\u2019urgenza di un cambiamento<\/p>\n\n\n\n<h3 class=\"wp-block-heading\">Obiettivi di apprendimento<\/h3>\n\n\n\n<p>L&#8217;educatore aiuta i <em>learner<\/em> a \u2026<\/p>\n\n\n\n<ul class=\"wp-block-list\"><li>2.1 Discutere limiti e resilienza dei sistemi naturali e dei sistemi antropici e descrivere le loro fragilit\u00e0 che causano insostenibilit\u00e0.<\/li><li>2.2 Riconoscere e discutere l\u2019urgenza di cambiare radicalmente i sistemi antropici per affrontarne le fragilit\u00e0 che li rendono insostenibili<\/li><li>2.3 Identificare le opportunit\u00e0 che permettono di contribuire a migliorare la qualit\u00e0 della vita, l&#8217;equit\u00e0, la solidariet\u00e0 e la sostenibilit\u00e0 ambientale.<\/li><\/ul>\n\n\n\n<h3 class=\"wp-block-heading\">Sotto-componenti\/Descrittori<\/h3>\n\n\n\n<p>Per raggiungere gli obiettivi di apprendimento sopra indicati, l&#8217;educatore dovrebbe essere capace di:<\/p>\n\n\n\n<ul class=\"wp-block-list\"><li>UC 2 utilizzare diversi metodi per incoraggiare i learners a descrivere e contestualizzare le questioni dello sviluppo attuale in termini di sostenibilit\u00e0 (ad esempio l\u2019approccio del cambiamento concettuale, l\u2019approccio multi-prospettico che includa anche la dimensione geopolitica, e il guardare ai fatti attraverso la prospettiva della giustizia sociale e dei limiti ambientali)&nbsp;<\/li><li>UC 2.1 Saper ricercare e analizzare i risultati prodotti da report e pubblicazioni scientifiche su questioni che riguardano la sostenibilit\u00e0&nbsp;<\/li><li>UC 2.2 Riconoscere che le modalit\u00e0 nelle quali le questioni si presentano sono spesso multidimensionali e interconnesse tra loro&nbsp;<\/li><li>UC 2.3 Rimanere con la mente aperta alle molteplici soluzioni che possono emergere e che preservano al contempo i&nbsp;&nbsp;principi di sostenibilit\u00e0<\/li><\/ul>\n","protected":false},"excerpt":{"rendered":"<p>L&#8217;educatore e\/o l&#8217;insegnante aiuta gli studenti a capire gli aspetti fondamentalmente insostenibili della nostra societ\u00e0 e il modo in cui si sta sviluppando e aumenta la loro consapevolezza dell&#8217;urgente necessit\u00e0 di cambiamento.<\/p>\n","protected":false},"author":1,"featured_media":0,"parent":1698,"menu_order":0,"comment_status":"closed","ping_status":"closed","template":"page-competence.php","meta":{"footnotes":""},"class_list":["post-474","page","type-page","status-publish","hentry"],"_links":{"self":[{"href":"https:\/\/aroundersenseofpurpose.eu\/it\/wp-json\/wp\/v2\/pages\/474","targetHints":{"allow":["GET"]}}],"collection":[{"href":"https:\/\/aroundersenseofpurpose.eu\/it\/wp-json\/wp\/v2\/pages"}],"about":[{"href":"https:\/\/aroundersenseofpurpose.eu\/it\/wp-json\/wp\/v2\/types\/page"}],"author":[{"embeddable":true,"href":"https:\/\/aroundersenseofpurpose.eu\/it\/wp-json\/wp\/v2\/users\/1"}],"replies":[{"embeddable":true,"href":"https:\/\/aroundersenseofpurpose.eu\/it\/wp-json\/wp\/v2\/comments?post=474"}],"version-history":[{"count":13,"href":"https:\/\/aroundersenseofpurpose.eu\/it\/wp-json\/wp\/v2\/pages\/474\/revisions"}],"predecessor-version":[{"id":2996,"href":"https:\/\/aroundersenseofpurpose.eu\/it\/wp-json\/wp\/v2\/pages\/474\/revisions\/2996"}],"up":[{"embeddable":true,"href":"https:\/\/aroundersenseofpurpose.eu\/it\/wp-json\/wp\/v2\/pages\/1698"}],"wp:attachment":[{"href":"https:\/\/aroundersenseofpurpose.eu\/it\/wp-json\/wp\/v2\/media?parent=474"}],"curies":[{"name":"wp","href":"https:\/\/api.w.org\/{rel}","templated":true}]}}