{"id":29,"date":"2019-07-29T08:28:58","date_gmt":"2019-07-29T07:28:58","guid":{"rendered":"https:\/\/aroundersenseofpurpose.eu\/it\/?page_id=29"},"modified":"2021-10-05T16:31:39","modified_gmt":"2021-10-05T15:31:39","slug":"the-rsp-project","status":"publish","type":"page","link":"https:\/\/aroundersenseofpurpose.eu\/it\/the-rsp-project\/","title":{"rendered":"Il progetto RSP"},"content":{"rendered":"\n<figure class=\"wp-block-image size-large\"><img decoding=\"async\" src=\"http:\/\/aroundersenseofpurpose.eu\/wp-content\/uploads\/RSP-II-Meeting-1.jpg\" alt=\"\"\/><\/figure>\n\n\n\n<p>Non mancano le prove a&nbsp;&nbsp;dimostrazione che il modo in cui \u00e8 stata organizzata e&nbsp;&nbsp;gestita la societ\u00e0 ha creato una serie di problemi sociali e ambientali interconnessi, dalla perdita di biodiversit\u00e0, a evidenti disuguaglianze fino al cambiamento climatico.<\/p>\n\n\n\n<p>Il raggiungimento di una forma di sviluppo sociale e ambientale sostenibile ha implicazioni sul cosa viene insegnato e sul&nbsp;&nbsp;modello educativo che scegliamo di adottare. Questo evidenzia la necessit\u00e0 che gli educatori abbiano le capacit\u00e0 e la motivazione per offrire ai loro&nbsp;<em>learner<\/em>&nbsp;un&#8217;educazione allo sviluppo sostenibile (ESS). In qualit\u00e0 di educatori, se non stiamo lavorando consapevolmente verso un mondo sostenibile sia a livello sociale sia a livello ambientale, allora probabilmente stiamo lavorando contro di esso.<\/p>\n\n\n\n<p><em>Ma che tipo di educatore ci vuole per aiutare i&nbsp;<em>learner<\/em>&nbsp;ad affrontare queste sfide globali e prepararli all\u2019impatto e alle conseguenze che ne potrebbero derivare?<\/em><\/p>\n\n\n\n<p>Questa \u00e8 la domanda che ha guidato A Rounder Sense of Purpose (RSP). Un progetto finanziato da Erasmus + che ha riunito istituzioni impegnate ed esperte di diversi paesi europei, per sviluppare un quadro\/modello di competenze per educatori che desiderano educare ad un mondo giusto e sostenibile.<\/p>\n\n\n\n<figure class=\"wp-block-image\"><img loading=\"lazy\" decoding=\"async\" width=\"800\" height=\"433\" src=\"https:\/\/aroundersenseofpurpose.eu\/it\/wp-content\/uploads\/dp06-800x433.jpg\" alt=\"\" class=\"wp-image-57\" srcset=\"https:\/\/aroundersenseofpurpose.eu\/it\/wp-content\/uploads\/dp06-800x433.jpg 800w, https:\/\/aroundersenseofpurpose.eu\/it\/wp-content\/uploads\/dp06-300x163.jpg 300w, https:\/\/aroundersenseofpurpose.eu\/it\/wp-content\/uploads\/dp06-768x416.jpg 768w, https:\/\/aroundersenseofpurpose.eu\/it\/wp-content\/uploads\/dp06-575x312.jpg 575w, https:\/\/aroundersenseofpurpose.eu\/it\/wp-content\/uploads\/dp06.jpg 1100w\" sizes=\"auto, (max-width: 800px) 100vw, 800px\" \/><\/figure>\n\n\n\n<p>Nel tentativo di definire le caratteristiche dell\u2019educatore allo sviluppo sostenibile, la Commissione Economica per l&#8217;Europa delle Nazioni Unite (UNECE), nel 2011, dette forma a un quadro di competenze degli educatori all\u2019ESS. Tale quadro,&nbsp;&nbsp;non essendo stato mai testato in contesti reali,&nbsp;&nbsp;non aveva prodotto risultati di apprendimento misurabili che potessero qualificare gli educatori in ESS.<\/p>\n\n\n\n<p>A Rounder Sense of Purpose si propone di colmare questa lacuna, attraverso lo sviluppo di:<\/p>\n\n\n\n<ul class=\"wp-block-list\"><li>un quadro di competenze che fosse facilmente applicabile in qualsiasi contesto educativo, e che potesse essere utilizzato da educatori in servizio e in formazione per sviluppare e dimostrare le loro competenze in ESS<\/li><li>strumenti e linee guida per supportare i formatori dei futuri educatori e docenti ad implementare il&nbsp;<em>framework<\/em><\/li><\/ul>\n\n\n\n<p>Questo lavoro ha portato a\u00a0\u00a0\u201cdistillare\u201d le competenze UNECE e alla realizzazione di una serie di programmi di formazione per gli educatori al fine di testare il\u00a0<em>framework<\/em>\u00a0che ne \u00e8 il risultato. I percorsi di formazione sono stati sperimentati all\u2019interno di corsi laurea di primo e secondo ciclo cos\u00ec come all\u2019interno di corsi in ambito non formale; hanno coinvolto oltre 400 persone:\u00a0<em>learner<\/em>, insegnanti, dirigenti scolastici e altri.<\/p>\n\n\n\n<p>Diversi esempi di attivit\u00e0 per sviluppare le 12 competenze sono stati realizzati e visualizzabili su questo sito.<\/p>\n\n\n\n<p>Ulteriori esempi di attivit\u00e0 sono stati realizzati collegando le competenze RSP con gli Obiettivi di Sviluppo Sostenibile delle Nazioni Unite (SDGs). Questi, illustrano come un educatore possa sviluppare le proprie competenze e conoscenze per educare ai processi di sostenibilit\u00e0, affrontando al contempo le tematiche collegate agli SDGs.<\/p>\n","protected":false},"excerpt":{"rendered":"<p>Non mancano le prove a&nbsp;&nbsp;dimostrazione che il modo in cui \u00e8 stata organizzata e&nbsp;&nbsp;gestita la societ\u00e0 ha creato una serie di problemi sociali e ambientali interconnessi, dalla perdita di biodiversit\u00e0, a evidenti disuguaglianze fino al cambiamento climatico. Il raggiungimento di una forma di sviluppo sociale e ambientale sostenibile ha implicazioni sul cosa viene insegnato e [&hellip;]<\/p>\n","protected":false},"author":1,"featured_media":0,"parent":0,"menu_order":0,"comment_status":"closed","ping_status":"closed","template":"page-project.php","meta":{"footnotes":""},"class_list":["post-29","page","type-page","status-publish","hentry"],"_links":{"self":[{"href":"https:\/\/aroundersenseofpurpose.eu\/it\/wp-json\/wp\/v2\/pages\/29","targetHints":{"allow":["GET"]}}],"collection":[{"href":"https:\/\/aroundersenseofpurpose.eu\/it\/wp-json\/wp\/v2\/pages"}],"about":[{"href":"https:\/\/aroundersenseofpurpose.eu\/it\/wp-json\/wp\/v2\/types\/page"}],"author":[{"embeddable":true,"href":"https:\/\/aroundersenseofpurpose.eu\/it\/wp-json\/wp\/v2\/users\/1"}],"replies":[{"embeddable":true,"href":"https:\/\/aroundersenseofpurpose.eu\/it\/wp-json\/wp\/v2\/comments?post=29"}],"version-history":[{"count":19,"href":"https:\/\/aroundersenseofpurpose.eu\/it\/wp-json\/wp\/v2\/pages\/29\/revisions"}],"predecessor-version":[{"id":3011,"href":"https:\/\/aroundersenseofpurpose.eu\/it\/wp-json\/wp\/v2\/pages\/29\/revisions\/3011"}],"wp:attachment":[{"href":"https:\/\/aroundersenseofpurpose.eu\/it\/wp-json\/wp\/v2\/media?parent=29"}],"curies":[{"name":"wp","href":"https:\/\/api.w.org\/{rel}","templated":true}]}}