{"id":65,"date":"2019-08-02T15:09:42","date_gmt":"2019-08-02T14:09:42","guid":{"rendered":"https:\/\/aroundersenseofpurpose.eu\/hu\/?page_id=65"},"modified":"2022-01-05T11:21:20","modified_gmt":"2022-01-05T10:21:20","slug":"the-rsp-partners","status":"publish","type":"page","link":"https:\/\/aroundersenseofpurpose.eu\/hu\/the-rsp-project\/the-rsp-partners\/","title":{"rendered":"RSP partnerek"},"content":{"rendered":"\n<p>Az RSP kompetencia keretrendszert \u00e9s a kapcsol\u00f3d\u00f3 szakmai anyagokat az RSP I. \u00e9s II. projektszakaszokban dolgozt\u00e1k ki.\u00a0Partners involved are:<\/p>\n","protected":false},"excerpt":{"rendered":"<p>Az RSP kompetencia keretrendszert \u00e9s a kapcsol\u00f3d\u00f3 szakmai anyagokat az RSP I. \u00e9s II. projektszakaszokban dolgozt\u00e1k ki.\u00a0Partners involved are:<\/p>\n","protected":false},"author":1,"featured_media":0,"parent":29,"menu_order":0,"comment_status":"closed","ping_status":"closed","template":"page-partners.php","meta":[],"_links":{"self":[{"href":"https:\/\/aroundersenseofpurpose.eu\/hu\/wp-json\/wp\/v2\/pages\/65"}],"collection":[{"href":"https:\/\/aroundersenseofpurpose.eu\/hu\/wp-json\/wp\/v2\/pages"}],"about":[{"href":"https:\/\/aroundersenseofpurpose.eu\/hu\/wp-json\/wp\/v2\/types\/page"}],"author":[{"embeddable":true,"href":"https:\/\/aroundersenseofpurpose.eu\/hu\/wp-json\/wp\/v2\/users\/1"}],"replies":[{"embeddable":true,"href":"https:\/\/aroundersenseofpurpose.eu\/hu\/wp-json\/wp\/v2\/comments?post=65"}],"version-history":[{"count":9,"href":"https:\/\/aroundersenseofpurpose.eu\/hu\/wp-json\/wp\/v2\/pages\/65\/revisions"}],"predecessor-version":[{"id":1832,"href":"https:\/\/aroundersenseofpurpose.eu\/hu\/wp-json\/wp\/v2\/pages\/65\/revisions\/1832"}],"up":[{"embeddable":true,"href":"https:\/\/aroundersenseofpurpose.eu\/hu\/wp-json\/wp\/v2\/pages\/29"}],"wp:attachment":[{"href":"https:\/\/aroundersenseofpurpose.eu\/hu\/wp-json\/wp\/v2\/media?parent=65"}],"curies":[{"name":"wp","href":"https:\/\/api.w.org\/{rel}","templated":true}]}}