{"id":65,"date":"2019-08-02T15:09:42","date_gmt":"2019-08-02T14:09:42","guid":{"rendered":"http:\/\/base.aroundersenseofpurpose.eu\/?page_id=65"},"modified":"2021-05-26T10:20:33","modified_gmt":"2021-05-26T09:20:33","slug":"the-rsp-partners","status":"publish","type":"page","link":"https:\/\/aroundersenseofpurpose.eu\/fr\/the-rsp-project\/the-rsp-partners\/","title":{"rendered":"Les partenaires RSP"},"content":{"rendered":"\n<p>Le cadre de comp\u00e9tences du RSP et les documents connexes ont \u00e9t\u00e9 \u00e9labor\u00e9s en deux phases de projet : RSP I et RSP II. Les partenaires qui y participent sont :<\/p>\n","protected":false},"excerpt":{"rendered":"<p>Le cadre de comp\u00e9tences du RSP et les documents connexes ont \u00e9t\u00e9 \u00e9labor\u00e9s en deux phases de projet : RSP I et RSP II. Les partenaires qui y participent sont :<\/p>\n","protected":false},"author":1,"featured_media":0,"parent":29,"menu_order":0,"comment_status":"closed","ping_status":"closed","template":"page-partners.php","meta":{"footnotes":""},"class_list":["post-65","page","type-page","status-publish","hentry"],"_links":{"self":[{"href":"https:\/\/aroundersenseofpurpose.eu\/fr\/wp-json\/wp\/v2\/pages\/65","targetHints":{"allow":["GET"]}}],"collection":[{"href":"https:\/\/aroundersenseofpurpose.eu\/fr\/wp-json\/wp\/v2\/pages"}],"about":[{"href":"https:\/\/aroundersenseofpurpose.eu\/fr\/wp-json\/wp\/v2\/types\/page"}],"author":[{"embeddable":true,"href":"https:\/\/aroundersenseofpurpose.eu\/fr\/wp-json\/wp\/v2\/users\/1"}],"replies":[{"embeddable":true,"href":"https:\/\/aroundersenseofpurpose.eu\/fr\/wp-json\/wp\/v2\/comments?post=65"}],"version-history":[{"count":9,"href":"https:\/\/aroundersenseofpurpose.eu\/fr\/wp-json\/wp\/v2\/pages\/65\/revisions"}],"predecessor-version":[{"id":2286,"href":"https:\/\/aroundersenseofpurpose.eu\/fr\/wp-json\/wp\/v2\/pages\/65\/revisions\/2286"}],"up":[{"embeddable":true,"href":"https:\/\/aroundersenseofpurpose.eu\/fr\/wp-json\/wp\/v2\/pages\/29"}],"wp:attachment":[{"href":"https:\/\/aroundersenseofpurpose.eu\/fr\/wp-json\/wp\/v2\/media?parent=65"}],"curies":[{"name":"wp","href":"https:\/\/api.w.org\/{rel}","templated":true}]}}