{"id":63,"date":"2019-08-02T15:08:45","date_gmt":"2019-08-02T15:08:45","guid":{"rendered":"http:\/\/base.aroundersenseofpurpose.eu\/?page_id=63"},"modified":"2021-06-03T09:07:36","modified_gmt":"2021-06-03T08:07:36","slug":"library","status":"publish","type":"page","link":"https:\/\/aroundersenseofpurpose.eu\/fr\/library\/","title":{"rendered":"Bibliographie"},"content":{"rendered":"\n<p>Vous trouverez ici de nombreuses r\u00e9f\u00e9rences sur lesquelles nous nous sommes appuy\u00e9\u00b7e\u00b7s pour \u00e9laborer le mod\u00e8le de comp\u00e9tences RSP. Si vous souhaitez trouver des r\u00e9f\u00e9rences qui se rapportent \u00e0 une comp\u00e9tence sp\u00e9cifique, allez dans le mod\u00e8le, s\u00e9lectionnez une comp\u00e9tence et cliquez sur &#8220;Lectures utiles&#8221; au bas de la page pour cette comp\u00e9tence.<\/p>\n","protected":false},"excerpt":{"rendered":"<p>Vous trouverez ici de nombreuses r\u00e9f\u00e9rences sur lesquelles nous nous sommes appuy\u00e9\u00b7e\u00b7s pour \u00e9laborer le mod\u00e8le de comp\u00e9tences RSP. Si vous souhaitez trouver des r\u00e9f\u00e9rences qui se rapportent \u00e0 une comp\u00e9tence sp\u00e9cifique, allez dans le mod\u00e8le, s\u00e9lectionnez une comp\u00e9tence et cliquez sur &#8220;Lectures utiles&#8221; au bas de la page pour cette comp\u00e9tence.<\/p>\n","protected":false},"author":1,"featured_media":0,"parent":0,"menu_order":0,"comment_status":"closed","ping_status":"closed","template":"page-library.php","meta":{"footnotes":""},"class_list":["post-63","page","type-page","status-publish","hentry"],"_links":{"self":[{"href":"https:\/\/aroundersenseofpurpose.eu\/fr\/wp-json\/wp\/v2\/pages\/63","targetHints":{"allow":["GET"]}}],"collection":[{"href":"https:\/\/aroundersenseofpurpose.eu\/fr\/wp-json\/wp\/v2\/pages"}],"about":[{"href":"https:\/\/aroundersenseofpurpose.eu\/fr\/wp-json\/wp\/v2\/types\/page"}],"author":[{"embeddable":true,"href":"https:\/\/aroundersenseofpurpose.eu\/fr\/wp-json\/wp\/v2\/users\/1"}],"replies":[{"embeddable":true,"href":"https:\/\/aroundersenseofpurpose.eu\/fr\/wp-json\/wp\/v2\/comments?post=63"}],"version-history":[{"count":10,"href":"https:\/\/aroundersenseofpurpose.eu\/fr\/wp-json\/wp\/v2\/pages\/63\/revisions"}],"predecessor-version":[{"id":2448,"href":"https:\/\/aroundersenseofpurpose.eu\/fr\/wp-json\/wp\/v2\/pages\/63\/revisions\/2448"}],"wp:attachment":[{"href":"https:\/\/aroundersenseofpurpose.eu\/fr\/wp-json\/wp\/v2\/media?parent=63"}],"curies":[{"name":"wp","href":"https:\/\/api.w.org\/{rel}","templated":true}]}}