{"id":548,"date":"2020-04-10T15:24:06","date_gmt":"2020-04-10T14:24:06","guid":{"rendered":"http:\/\/base.aroundersenseofpurpose.eu\/?page_id=548"},"modified":"2021-06-03T09:57:30","modified_gmt":"2021-06-03T08:57:30","slug":"sdg16","status":"publish","type":"page","link":"https:\/\/aroundersenseofpurpose.eu\/fr\/sdgs\/sdg16\/","title":{"rendered":"Paix, justice et institutions efficaces"},"content":{"rendered":"\n<p>Comme le dit l\u2019ONU, les menaces internationales d\u2019homicide, de violence contre les enfants, de traite des personnes et de violences sexuelles sont importantes pour promouvoir des soci\u00e9t\u00e9s pacifiques et inclusives pour le d\u00e9veloppement durable. Elles ouvrent la voie \u00e0 l\u2019acc\u00e8s \u00e0 la justice pour toutes et tous et \u00e0 la cr\u00e9ation d\u2019institutions efficaces et responsables \u00e0 tous les niveaux.<\/p>\n","protected":false},"excerpt":{"rendered":"<p>Comme le dit l\u2019ONU, les menaces internationales d\u2019homicide, de violence contre les enfants, de traite des personnes et de violences sexuelles sont importantes pour promouvoir des soci\u00e9t\u00e9s pacifiques et inclusives pour le d\u00e9veloppement durable. Elles ouvrent la voie \u00e0 l\u2019acc\u00e8s \u00e0 la justice pour toutes et tous et \u00e0 la cr\u00e9ation d\u2019institutions efficaces et responsables [&hellip;]<\/p>\n","protected":false},"author":1,"featured_media":0,"parent":425,"menu_order":0,"comment_status":"closed","ping_status":"closed","template":"page-sdg.php","meta":{"footnotes":""},"class_list":["post-548","page","type-page","status-publish","hentry"],"_links":{"self":[{"href":"https:\/\/aroundersenseofpurpose.eu\/fr\/wp-json\/wp\/v2\/pages\/548","targetHints":{"allow":["GET"]}}],"collection":[{"href":"https:\/\/aroundersenseofpurpose.eu\/fr\/wp-json\/wp\/v2\/pages"}],"about":[{"href":"https:\/\/aroundersenseofpurpose.eu\/fr\/wp-json\/wp\/v2\/types\/page"}],"author":[{"embeddable":true,"href":"https:\/\/aroundersenseofpurpose.eu\/fr\/wp-json\/wp\/v2\/users\/1"}],"replies":[{"embeddable":true,"href":"https:\/\/aroundersenseofpurpose.eu\/fr\/wp-json\/wp\/v2\/comments?post=548"}],"version-history":[{"count":5,"href":"https:\/\/aroundersenseofpurpose.eu\/fr\/wp-json\/wp\/v2\/pages\/548\/revisions"}],"predecessor-version":[{"id":2446,"href":"https:\/\/aroundersenseofpurpose.eu\/fr\/wp-json\/wp\/v2\/pages\/548\/revisions\/2446"}],"up":[{"embeddable":true,"href":"https:\/\/aroundersenseofpurpose.eu\/fr\/wp-json\/wp\/v2\/pages\/425"}],"wp:attachment":[{"href":"https:\/\/aroundersenseofpurpose.eu\/fr\/wp-json\/wp\/v2\/media?parent=548"}],"curies":[{"name":"wp","href":"https:\/\/api.w.org\/{rel}","templated":true}]}}