{"id":546,"date":"2020-04-10T15:22:50","date_gmt":"2020-04-10T14:22:50","guid":{"rendered":"http:\/\/base.aroundersenseofpurpose.eu\/?page_id=546"},"modified":"2021-05-27T09:50:18","modified_gmt":"2021-05-27T08:50:18","slug":"sdg15","status":"publish","type":"page","link":"https:\/\/aroundersenseofpurpose.eu\/fr\/sdgs\/sdg15\/","title":{"rendered":"Vie terrestre"},"content":{"rendered":"\n<p>Comme le dit l\u2019ONU, les for\u00eats couvrent 30,7 pour cent de la surface de la Terre et, en plus de fournir une s\u00e9curit\u00e9 alimentaire et un abri, elles sont essentielles pour lutter contre le changement climatique, prot\u00e9ger la biodiversit\u00e9 et les foyers des peuples autochtones. En prot\u00e9geant les for\u00eats et les autres habitats, nous pourrons renforcer la gestion des ressources naturelles et accro\u00eetre la productivit\u00e9 des terres.<\/p>\n","protected":false},"excerpt":{"rendered":"<p>Comme le dit l\u2019ONU, les for\u00eats couvrent 30,7 pour cent de la surface de la Terre et, en plus de fournir une s\u00e9curit\u00e9 alimentaire et un abri, elles sont essentielles pour lutter contre le changement climatique, prot\u00e9ger la biodiversit\u00e9 et les foyers des peuples autochtones. En prot\u00e9geant les for\u00eats et les autres habitats, nous pourrons [&hellip;]<\/p>\n","protected":false},"author":1,"featured_media":0,"parent":425,"menu_order":0,"comment_status":"closed","ping_status":"closed","template":"page-sdg.php","meta":{"footnotes":""},"class_list":["post-546","page","type-page","status-publish","hentry"],"_links":{"self":[{"href":"https:\/\/aroundersenseofpurpose.eu\/fr\/wp-json\/wp\/v2\/pages\/546","targetHints":{"allow":["GET"]}}],"collection":[{"href":"https:\/\/aroundersenseofpurpose.eu\/fr\/wp-json\/wp\/v2\/pages"}],"about":[{"href":"https:\/\/aroundersenseofpurpose.eu\/fr\/wp-json\/wp\/v2\/types\/page"}],"author":[{"embeddable":true,"href":"https:\/\/aroundersenseofpurpose.eu\/fr\/wp-json\/wp\/v2\/users\/1"}],"replies":[{"embeddable":true,"href":"https:\/\/aroundersenseofpurpose.eu\/fr\/wp-json\/wp\/v2\/comments?post=546"}],"version-history":[{"count":5,"href":"https:\/\/aroundersenseofpurpose.eu\/fr\/wp-json\/wp\/v2\/pages\/546\/revisions"}],"predecessor-version":[{"id":2379,"href":"https:\/\/aroundersenseofpurpose.eu\/fr\/wp-json\/wp\/v2\/pages\/546\/revisions\/2379"}],"up":[{"embeddable":true,"href":"https:\/\/aroundersenseofpurpose.eu\/fr\/wp-json\/wp\/v2\/pages\/425"}],"wp:attachment":[{"href":"https:\/\/aroundersenseofpurpose.eu\/fr\/wp-json\/wp\/v2\/media?parent=546"}],"curies":[{"name":"wp","href":"https:\/\/api.w.org\/{rel}","templated":true}]}}