{"id":544,"date":"2020-04-10T15:22:18","date_gmt":"2020-04-10T14:22:18","guid":{"rendered":"http:\/\/base.aroundersenseofpurpose.eu\/?page_id=544"},"modified":"2021-05-27T09:46:21","modified_gmt":"2021-05-27T08:46:21","slug":"sdg14","status":"publish","type":"page","link":"https:\/\/aroundersenseofpurpose.eu\/fr\/sdgs\/sdg14\/","title":{"rendered":"Vie aquatique"},"content":{"rendered":"\n<p>Comme le dit l\u2019ONU, les aires marines prot\u00e9g\u00e9es doivent \u00eatre g\u00e9r\u00e9es efficacement et bien dot\u00e9es en ressources et des r\u00e8glements doivent \u00eatre mis en place pour r\u00e9duire la surp\u00eache, la pollution marine et l\u2019acidification des oc\u00e9ans.<\/p>\n","protected":false},"excerpt":{"rendered":"<p>Comme le dit l\u2019ONU, les aires marines prot\u00e9g\u00e9es doivent \u00eatre g\u00e9r\u00e9es efficacement et bien dot\u00e9es en ressources et des r\u00e8glements doivent \u00eatre mis en place pour r\u00e9duire la surp\u00eache, la pollution marine et l\u2019acidification des oc\u00e9ans.<\/p>\n","protected":false},"author":1,"featured_media":0,"parent":425,"menu_order":0,"comment_status":"closed","ping_status":"closed","template":"page-sdg.php","meta":{"footnotes":""},"class_list":["post-544","page","type-page","status-publish","hentry"],"_links":{"self":[{"href":"https:\/\/aroundersenseofpurpose.eu\/fr\/wp-json\/wp\/v2\/pages\/544","targetHints":{"allow":["GET"]}}],"collection":[{"href":"https:\/\/aroundersenseofpurpose.eu\/fr\/wp-json\/wp\/v2\/pages"}],"about":[{"href":"https:\/\/aroundersenseofpurpose.eu\/fr\/wp-json\/wp\/v2\/types\/page"}],"author":[{"embeddable":true,"href":"https:\/\/aroundersenseofpurpose.eu\/fr\/wp-json\/wp\/v2\/users\/1"}],"replies":[{"embeddable":true,"href":"https:\/\/aroundersenseofpurpose.eu\/fr\/wp-json\/wp\/v2\/comments?post=544"}],"version-history":[{"count":4,"href":"https:\/\/aroundersenseofpurpose.eu\/fr\/wp-json\/wp\/v2\/pages\/544\/revisions"}],"predecessor-version":[{"id":2377,"href":"https:\/\/aroundersenseofpurpose.eu\/fr\/wp-json\/wp\/v2\/pages\/544\/revisions\/2377"}],"up":[{"embeddable":true,"href":"https:\/\/aroundersenseofpurpose.eu\/fr\/wp-json\/wp\/v2\/pages\/425"}],"wp:attachment":[{"href":"https:\/\/aroundersenseofpurpose.eu\/fr\/wp-json\/wp\/v2\/media?parent=544"}],"curies":[{"name":"wp","href":"https:\/\/api.w.org\/{rel}","templated":true}]}}