{"id":542,"date":"2020-04-10T15:21:29","date_gmt":"2020-04-10T14:21:29","guid":{"rendered":"http:\/\/base.aroundersenseofpurpose.eu\/?page_id=542"},"modified":"2021-05-27T09:35:38","modified_gmt":"2021-05-27T08:35:38","slug":"sdg13","status":"publish","type":"page","link":"https:\/\/aroundersenseofpurpose.eu\/fr\/sdgs\/sdg13\/","title":{"rendered":"Lutte contre les changements climatiques"},"content":{"rendered":"\n<p>Comme le dit l\u2019ONU, les changements climatiques affectent d\u00e9sormais tous les pays sur tous les continents. Ils perturbent les \u00e9conomies nationales et affectent des vies, co\u00fbtent chers aux gens, aux collectivit\u00e9s et aux pays aujourd\u2019hui et encore plus demain. Les r\u00e9gimes m\u00e9t\u00e9orologiques changent, le niveau de la mer augmente, les ph\u00e9nom\u00e8nes m\u00e9t\u00e9orologiques deviennent plus extr\u00eames et les \u00e9missions de gaz \u00e0 effet de serre sont maintenant \u00e0 leur plus haut niveau de l\u2019histoire. Sans action, la hausse de la temp\u00e9rature moyenne de la surface du monde devrait d\u00e9passer les 3 degr\u00e9s Celsius au cours de ce si\u00e8cle. Les personnes les plus pauvres et les plus vuln\u00e9rables sont les plus touch\u00e9es.<\/p>\n","protected":false},"excerpt":{"rendered":"<p>Comme le dit l\u2019ONU, les changements climatiques affectent d\u00e9sormais tous les pays sur tous les continents. Ils perturbent les \u00e9conomies nationales et affectent des vies, co\u00fbtent chers aux gens, aux collectivit\u00e9s et aux pays aujourd\u2019hui et encore plus demain. Les r\u00e9gimes m\u00e9t\u00e9orologiques changent, le niveau de la mer augmente, les ph\u00e9nom\u00e8nes m\u00e9t\u00e9orologiques deviennent plus extr\u00eames [&hellip;]<\/p>\n","protected":false},"author":1,"featured_media":0,"parent":425,"menu_order":0,"comment_status":"closed","ping_status":"closed","template":"page-sdg.php","meta":{"footnotes":""},"class_list":["post-542","page","type-page","status-publish","hentry"],"_links":{"self":[{"href":"https:\/\/aroundersenseofpurpose.eu\/fr\/wp-json\/wp\/v2\/pages\/542","targetHints":{"allow":["GET"]}}],"collection":[{"href":"https:\/\/aroundersenseofpurpose.eu\/fr\/wp-json\/wp\/v2\/pages"}],"about":[{"href":"https:\/\/aroundersenseofpurpose.eu\/fr\/wp-json\/wp\/v2\/types\/page"}],"author":[{"embeddable":true,"href":"https:\/\/aroundersenseofpurpose.eu\/fr\/wp-json\/wp\/v2\/users\/1"}],"replies":[{"embeddable":true,"href":"https:\/\/aroundersenseofpurpose.eu\/fr\/wp-json\/wp\/v2\/comments?post=542"}],"version-history":[{"count":4,"href":"https:\/\/aroundersenseofpurpose.eu\/fr\/wp-json\/wp\/v2\/pages\/542\/revisions"}],"predecessor-version":[{"id":2366,"href":"https:\/\/aroundersenseofpurpose.eu\/fr\/wp-json\/wp\/v2\/pages\/542\/revisions\/2366"}],"up":[{"embeddable":true,"href":"https:\/\/aroundersenseofpurpose.eu\/fr\/wp-json\/wp\/v2\/pages\/425"}],"wp:attachment":[{"href":"https:\/\/aroundersenseofpurpose.eu\/fr\/wp-json\/wp\/v2\/media?parent=542"}],"curies":[{"name":"wp","href":"https:\/\/api.w.org\/{rel}","templated":true}]}}