{"id":540,"date":"2020-04-10T15:20:39","date_gmt":"2020-04-10T14:20:39","guid":{"rendered":"http:\/\/base.aroundersenseofpurpose.eu\/?page_id=540"},"modified":"2021-06-03T09:39:26","modified_gmt":"2021-06-03T08:39:26","slug":"sdg12","status":"publish","type":"page","link":"https:\/\/aroundersenseofpurpose.eu\/fr\/sdgs\/sdg12\/","title":{"rendered":"Consommation et production durables"},"content":{"rendered":"\n<p>Comme le dit l\u2019ONU, la consommation et la production durables consistent \u00e0 promouvoir l\u2019efficacit\u00e9 des ressources et de l\u2019\u00e9nergie, des infrastructures durables et \u00e0 fournir l\u2019acc\u00e8s aux services de base, des emplois verts et d\u00e9cents et une meilleure qualit\u00e9 de vie pour toutes et tous. Sa mise en \u0153uvre contribue \u00e0 la r\u00e9alisation de plans de d\u00e9veloppement globaux, \u00e0 la r\u00e9duction des co\u00fbts \u00e9conomiques, environnementaux et sociaux futurs, au renforcement de la comp\u00e9titivit\u00e9 \u00e9conomique et \u00e0 la r\u00e9duction de la pauvret\u00e9.<\/p>\n\n\n\n<p><\/p>\n","protected":false},"excerpt":{"rendered":"<p>Comme le dit l\u2019ONU, la consommation et la production durables consistent \u00e0 promouvoir l\u2019efficacit\u00e9 des ressources et de l\u2019\u00e9nergie, des infrastructures durables et \u00e0 fournir l\u2019acc\u00e8s aux services de base, des emplois verts et d\u00e9cents et une meilleure qualit\u00e9 de vie pour toutes et tous. Sa mise en \u0153uvre contribue \u00e0 la r\u00e9alisation de plans [&hellip;]<\/p>\n","protected":false},"author":1,"featured_media":0,"parent":425,"menu_order":0,"comment_status":"closed","ping_status":"closed","template":"page-sdg.php","meta":{"footnotes":""},"class_list":["post-540","page","type-page","status-publish","hentry"],"_links":{"self":[{"href":"https:\/\/aroundersenseofpurpose.eu\/fr\/wp-json\/wp\/v2\/pages\/540","targetHints":{"allow":["GET"]}}],"collection":[{"href":"https:\/\/aroundersenseofpurpose.eu\/fr\/wp-json\/wp\/v2\/pages"}],"about":[{"href":"https:\/\/aroundersenseofpurpose.eu\/fr\/wp-json\/wp\/v2\/types\/page"}],"author":[{"embeddable":true,"href":"https:\/\/aroundersenseofpurpose.eu\/fr\/wp-json\/wp\/v2\/users\/1"}],"replies":[{"embeddable":true,"href":"https:\/\/aroundersenseofpurpose.eu\/fr\/wp-json\/wp\/v2\/comments?post=540"}],"version-history":[{"count":5,"href":"https:\/\/aroundersenseofpurpose.eu\/fr\/wp-json\/wp\/v2\/pages\/540\/revisions"}],"predecessor-version":[{"id":2440,"href":"https:\/\/aroundersenseofpurpose.eu\/fr\/wp-json\/wp\/v2\/pages\/540\/revisions\/2440"}],"up":[{"embeddable":true,"href":"https:\/\/aroundersenseofpurpose.eu\/fr\/wp-json\/wp\/v2\/pages\/425"}],"wp:attachment":[{"href":"https:\/\/aroundersenseofpurpose.eu\/fr\/wp-json\/wp\/v2\/media?parent=540"}],"curies":[{"name":"wp","href":"https:\/\/api.w.org\/{rel}","templated":true}]}}