{"id":538,"date":"2020-04-10T15:20:00","date_gmt":"2020-04-10T14:20:00","guid":{"rendered":"http:\/\/base.aroundersenseofpurpose.eu\/?page_id=538"},"modified":"2021-06-03T10:07:20","modified_gmt":"2021-06-03T09:07:20","slug":"sdg11","status":"publish","type":"page","link":"https:\/\/aroundersenseofpurpose.eu\/fr\/sdgs\/sdg11\/","title":{"rendered":"Villes et communaut\u00e9s durables"},"content":{"rendered":"\n<p>Comme le dit l\u2019ONU, les d\u00e9fis de l\u2019urbanisation rapide, tels que la collecte et la gestion s\u00e9curitaires des d\u00e9chets solides dans les villes, peuvent \u00eatre surmont\u00e9es de mani\u00e8re \u00e0 leur permettre de continuer \u00e0 prosp\u00e9rer et \u00e0 cro\u00eetre, tout en am\u00e9liorant l\u2019utilisation des ressources et en r\u00e9duisant la pollution et la pauvret\u00e9. Il faut un avenir dans lequel les villes offrent des possibilit\u00e9s \u00e0 toutes et tous, avec acc\u00e8s aux services de base, \u00e0 l\u2019\u00e9nergie, au logement, aux transports et plus encore.<\/p>\n","protected":false},"excerpt":{"rendered":"<p>Comme le dit l\u2019ONU, les d\u00e9fis de l\u2019urbanisation rapide, tels que la collecte et la gestion s\u00e9curitaires des d\u00e9chets solides dans les villes, peuvent \u00eatre surmont\u00e9es de mani\u00e8re \u00e0 leur permettre de continuer \u00e0 prosp\u00e9rer et \u00e0 cro\u00eetre, tout en am\u00e9liorant l\u2019utilisation des ressources et en r\u00e9duisant la pollution et la pauvret\u00e9. Il faut un [&hellip;]<\/p>\n","protected":false},"author":1,"featured_media":0,"parent":425,"menu_order":0,"comment_status":"closed","ping_status":"closed","template":"page-sdg.php","meta":{"footnotes":""},"class_list":["post-538","page","type-page","status-publish","hentry"],"_links":{"self":[{"href":"https:\/\/aroundersenseofpurpose.eu\/fr\/wp-json\/wp\/v2\/pages\/538","targetHints":{"allow":["GET"]}}],"collection":[{"href":"https:\/\/aroundersenseofpurpose.eu\/fr\/wp-json\/wp\/v2\/pages"}],"about":[{"href":"https:\/\/aroundersenseofpurpose.eu\/fr\/wp-json\/wp\/v2\/types\/page"}],"author":[{"embeddable":true,"href":"https:\/\/aroundersenseofpurpose.eu\/fr\/wp-json\/wp\/v2\/users\/1"}],"replies":[{"embeddable":true,"href":"https:\/\/aroundersenseofpurpose.eu\/fr\/wp-json\/wp\/v2\/comments?post=538"}],"version-history":[{"count":5,"href":"https:\/\/aroundersenseofpurpose.eu\/fr\/wp-json\/wp\/v2\/pages\/538\/revisions"}],"predecessor-version":[{"id":2447,"href":"https:\/\/aroundersenseofpurpose.eu\/fr\/wp-json\/wp\/v2\/pages\/538\/revisions\/2447"}],"up":[{"embeddable":true,"href":"https:\/\/aroundersenseofpurpose.eu\/fr\/wp-json\/wp\/v2\/pages\/425"}],"wp:attachment":[{"href":"https:\/\/aroundersenseofpurpose.eu\/fr\/wp-json\/wp\/v2\/media?parent=538"}],"curies":[{"name":"wp","href":"https:\/\/api.w.org\/{rel}","templated":true}]}}