{"id":536,"date":"2020-04-10T15:19:21","date_gmt":"2020-04-10T14:19:21","guid":{"rendered":"http:\/\/base.aroundersenseofpurpose.eu\/?page_id=536"},"modified":"2021-06-03T09:56:19","modified_gmt":"2021-06-03T08:56:19","slug":"sdg10","status":"publish","type":"page","link":"https:\/\/aroundersenseofpurpose.eu\/fr\/sdgs\/sdg10\/","title":{"rendered":"In\u00e9galit\u00e9s r\u00e9duites"},"content":{"rendered":"\n<p>Comme le dit l\u2019ONU, pour r\u00e9duire les in\u00e9galit\u00e9s, les politiques doivent \u00eatre universelles en principe tout en pr\u00eatant attention aux besoins des populations d\u00e9favoris\u00e9es et marginalis\u00e9es. Il faut accro\u00eetre et maintenir des conditions commerciales favorables pour les exportations des pays en d\u00e9veloppement, en plus d\u2019augmenter la part du vote de ces derniers au sein du FMI. Enfin, les innovations technologiques peuvent contribuer \u00e0 r\u00e9duire le co\u00fbt des transferts d\u2019argent pour les travailleurs\u00b7euses migrant\u00b7e\u00b7s.<\/p>\n","protected":false},"excerpt":{"rendered":"<p>Comme le dit l\u2019ONU, pour r\u00e9duire les in\u00e9galit\u00e9s, les politiques doivent \u00eatre universelles en principe tout en pr\u00eatant attention aux besoins des populations d\u00e9favoris\u00e9es et marginalis\u00e9es. Il faut accro\u00eetre et maintenir des conditions commerciales favorables pour les exportations des pays en d\u00e9veloppement, en plus d\u2019augmenter la part du vote de ces derniers au sein du [&hellip;]<\/p>\n","protected":false},"author":1,"featured_media":0,"parent":425,"menu_order":0,"comment_status":"closed","ping_status":"closed","template":"page-sdg.php","meta":{"footnotes":""},"class_list":["post-536","page","type-page","status-publish","hentry"],"_links":{"self":[{"href":"https:\/\/aroundersenseofpurpose.eu\/fr\/wp-json\/wp\/v2\/pages\/536","targetHints":{"allow":["GET"]}}],"collection":[{"href":"https:\/\/aroundersenseofpurpose.eu\/fr\/wp-json\/wp\/v2\/pages"}],"about":[{"href":"https:\/\/aroundersenseofpurpose.eu\/fr\/wp-json\/wp\/v2\/types\/page"}],"author":[{"embeddable":true,"href":"https:\/\/aroundersenseofpurpose.eu\/fr\/wp-json\/wp\/v2\/users\/1"}],"replies":[{"embeddable":true,"href":"https:\/\/aroundersenseofpurpose.eu\/fr\/wp-json\/wp\/v2\/comments?post=536"}],"version-history":[{"count":5,"href":"https:\/\/aroundersenseofpurpose.eu\/fr\/wp-json\/wp\/v2\/pages\/536\/revisions"}],"predecessor-version":[{"id":2445,"href":"https:\/\/aroundersenseofpurpose.eu\/fr\/wp-json\/wp\/v2\/pages\/536\/revisions\/2445"}],"up":[{"embeddable":true,"href":"https:\/\/aroundersenseofpurpose.eu\/fr\/wp-json\/wp\/v2\/pages\/425"}],"wp:attachment":[{"href":"https:\/\/aroundersenseofpurpose.eu\/fr\/wp-json\/wp\/v2\/media?parent=536"}],"curies":[{"name":"wp","href":"https:\/\/api.w.org\/{rel}","templated":true}]}}