{"id":534,"date":"2020-04-10T15:18:25","date_gmt":"2020-04-10T14:18:25","guid":{"rendered":"http:\/\/base.aroundersenseofpurpose.eu\/?page_id=534"},"modified":"2021-05-27T09:45:17","modified_gmt":"2021-05-27T08:45:17","slug":"sdg9","status":"publish","type":"page","link":"https:\/\/aroundersenseofpurpose.eu\/fr\/sdgs\/sdg9\/","title":{"rendered":"Industrie, innovation et infrastructures"},"content":{"rendered":"\n<p>Comme le dit l\u2019ONU, les investissements dans les infrastructures (les transports, l\u2019irrigation, l\u2019\u00e9nergie et les technologies de l\u2019information et de la communication) sont essentiels pour parvenir \u00e0 un d\u00e9veloppement durable et autonomiser les communaut\u00e9s dans de nombreux pays. On reconna\u00eet depuis longtemps que la croissance de la productivit\u00e9 et des revenus ainsi que l\u2019am\u00e9lioration des r\u00e9sultats en mati\u00e8re de sant\u00e9 et d\u2019\u00e9ducation exigent un investissement dans l\u2019infrastructure.<\/p>\n","protected":false},"excerpt":{"rendered":"<p>Comme le dit l\u2019ONU, les investissements dans les infrastructures (les transports, l\u2019irrigation, l\u2019\u00e9nergie et les technologies de l\u2019information et de la communication) sont essentiels pour parvenir \u00e0 un d\u00e9veloppement durable et autonomiser les communaut\u00e9s dans de nombreux pays. On reconna\u00eet depuis longtemps que la croissance de la productivit\u00e9 et des revenus ainsi que l\u2019am\u00e9lioration des [&hellip;]<\/p>\n","protected":false},"author":1,"featured_media":0,"parent":425,"menu_order":0,"comment_status":"closed","ping_status":"closed","template":"page-sdg.php","meta":{"footnotes":""},"class_list":["post-534","page","type-page","status-publish","hentry"],"_links":{"self":[{"href":"https:\/\/aroundersenseofpurpose.eu\/fr\/wp-json\/wp\/v2\/pages\/534","targetHints":{"allow":["GET"]}}],"collection":[{"href":"https:\/\/aroundersenseofpurpose.eu\/fr\/wp-json\/wp\/v2\/pages"}],"about":[{"href":"https:\/\/aroundersenseofpurpose.eu\/fr\/wp-json\/wp\/v2\/types\/page"}],"author":[{"embeddable":true,"href":"https:\/\/aroundersenseofpurpose.eu\/fr\/wp-json\/wp\/v2\/users\/1"}],"replies":[{"embeddable":true,"href":"https:\/\/aroundersenseofpurpose.eu\/fr\/wp-json\/wp\/v2\/comments?post=534"}],"version-history":[{"count":5,"href":"https:\/\/aroundersenseofpurpose.eu\/fr\/wp-json\/wp\/v2\/pages\/534\/revisions"}],"predecessor-version":[{"id":2376,"href":"https:\/\/aroundersenseofpurpose.eu\/fr\/wp-json\/wp\/v2\/pages\/534\/revisions\/2376"}],"up":[{"embeddable":true,"href":"https:\/\/aroundersenseofpurpose.eu\/fr\/wp-json\/wp\/v2\/pages\/425"}],"wp:attachment":[{"href":"https:\/\/aroundersenseofpurpose.eu\/fr\/wp-json\/wp\/v2\/media?parent=534"}],"curies":[{"name":"wp","href":"https:\/\/api.w.org\/{rel}","templated":true}]}}