{"id":532,"date":"2020-04-10T15:17:15","date_gmt":"2020-04-10T14:17:15","guid":{"rendered":"http:\/\/base.aroundersenseofpurpose.eu\/?page_id=532"},"modified":"2021-05-27T09:38:13","modified_gmt":"2021-05-27T08:38:13","slug":"sdg8","status":"publish","type":"page","link":"https:\/\/aroundersenseofpurpose.eu\/fr\/sdgs\/sdg8\/","title":{"rendered":"Travail d\u00e9cent et croissance \u00e9conomique"},"content":{"rendered":"\n<p>Comme le dit l\u2019ONU, une croissance \u00e9conomique durable exigera des soci\u00e9t\u00e9s qu\u2019elles cr\u00e9ent les conditions qui permettent aux gens d\u2019avoir des emplois de qualit\u00e9 qui stimulent l\u2019\u00e9conomie sans nuire \u00e0 l\u2019environnement. Des possibilit\u00e9s d\u2019emploi et des conditions de travail d\u00e9centes sont \u00e9galement n\u00e9cessaires pour l\u2019ensemble de la population en \u00e2ge de travailler. Il faut accro\u00eetre l\u2019acc\u00e8s aux services financiers pour g\u00e9rer les revenus, accumuler des actifs et faire des investissements productifs. Des engagements accrus en faveur des infrastructures commerciales, bancaires et agricoles contribueront \u00e9galement \u00e0 accro\u00eetre la productivit\u00e9 et \u00e0 r\u00e9duire le niveau de ch\u00f4mage dans les r\u00e9gions les plus pauvres du monde.<\/p>\n","protected":false},"excerpt":{"rendered":"<p>Comme le dit l\u2019ONU, une croissance \u00e9conomique durable exigera des soci\u00e9t\u00e9s qu\u2019elles cr\u00e9ent les conditions qui permettent aux gens d\u2019avoir des emplois de qualit\u00e9 qui stimulent l\u2019\u00e9conomie sans nuire \u00e0 l\u2019environnement. Des possibilit\u00e9s d\u2019emploi et des conditions de travail d\u00e9centes sont \u00e9galement n\u00e9cessaires pour l\u2019ensemble de la population en \u00e2ge de travailler. Il faut accro\u00eetre [&hellip;]<\/p>\n","protected":false},"author":1,"featured_media":0,"parent":425,"menu_order":0,"comment_status":"closed","ping_status":"closed","template":"page-sdg.php","meta":{"footnotes":""},"class_list":["post-532","page","type-page","status-publish","hentry"],"_links":{"self":[{"href":"https:\/\/aroundersenseofpurpose.eu\/fr\/wp-json\/wp\/v2\/pages\/532","targetHints":{"allow":["GET"]}}],"collection":[{"href":"https:\/\/aroundersenseofpurpose.eu\/fr\/wp-json\/wp\/v2\/pages"}],"about":[{"href":"https:\/\/aroundersenseofpurpose.eu\/fr\/wp-json\/wp\/v2\/types\/page"}],"author":[{"embeddable":true,"href":"https:\/\/aroundersenseofpurpose.eu\/fr\/wp-json\/wp\/v2\/users\/1"}],"replies":[{"embeddable":true,"href":"https:\/\/aroundersenseofpurpose.eu\/fr\/wp-json\/wp\/v2\/comments?post=532"}],"version-history":[{"count":4,"href":"https:\/\/aroundersenseofpurpose.eu\/fr\/wp-json\/wp\/v2\/pages\/532\/revisions"}],"predecessor-version":[{"id":2368,"href":"https:\/\/aroundersenseofpurpose.eu\/fr\/wp-json\/wp\/v2\/pages\/532\/revisions\/2368"}],"up":[{"embeddable":true,"href":"https:\/\/aroundersenseofpurpose.eu\/fr\/wp-json\/wp\/v2\/pages\/425"}],"wp:attachment":[{"href":"https:\/\/aroundersenseofpurpose.eu\/fr\/wp-json\/wp\/v2\/media?parent=532"}],"curies":[{"name":"wp","href":"https:\/\/api.w.org\/{rel}","templated":true}]}}