{"id":530,"date":"2020-04-10T15:16:15","date_gmt":"2020-04-10T14:16:15","guid":{"rendered":"http:\/\/base.aroundersenseofpurpose.eu\/?page_id=530"},"modified":"2021-06-03T09:54:15","modified_gmt":"2021-06-03T08:54:15","slug":"sdg7","status":"publish","type":"page","link":"https:\/\/aroundersenseofpurpose.eu\/fr\/sdgs\/sdg7\/","title":{"rendered":"\u00c9nergie propre et d&#8217;un co\u00fbt abordable"},"content":{"rendered":"\n<p>Comme le dit l\u2019ONU, l\u2019\u00e9nergie est au c\u0153ur de presque tous les grands d\u00e9fis et opportunit\u00e9s auxquels le monde est confront\u00e9 aujourd\u2019hui. Que ce soit pour l\u2019emploi, la s\u00e9curit\u00e9, le changement climatique, la production alimentaire ou l\u2019augmentation des revenus, l\u2019acc\u00e8s \u00e0 l\u2019\u00e9nergie pour toutes et tous est essentiel. Il est particuli\u00e8rement important de travailler \u00e0 la r\u00e9alisation de cet objectif, car il est li\u00e9 \u00e0 d\u2019autres objectifs de d\u00e9veloppement durable. Il est essentiel de mettre l\u2019accent sur l\u2019acc\u00e8s universel \u00e0 l\u2019\u00e9nergie, l\u2019am\u00e9lioration de l\u2019efficacit\u00e9 \u00e9nerg\u00e9tique et l\u2019utilisation accrue des \u00e9nergies renouvelables par le biais de nouvelles possibilit\u00e9s \u00e9conomiques et d\u2019emplois pour cr\u00e9er des collectivit\u00e9s plus durables et inclusives et une r\u00e9silience aux probl\u00e8mes environnementaux comme les changements climatiques.<\/p>\n","protected":false},"excerpt":{"rendered":"<p>Comme le dit l\u2019ONU, l\u2019\u00e9nergie est au c\u0153ur de presque tous les grands d\u00e9fis et opportunit\u00e9s auxquels le monde est confront\u00e9 aujourd\u2019hui. Que ce soit pour l\u2019emploi, la s\u00e9curit\u00e9, le changement climatique, la production alimentaire ou l\u2019augmentation des revenus, l\u2019acc\u00e8s \u00e0 l\u2019\u00e9nergie pour toutes et tous est essentiel. Il est particuli\u00e8rement important de travailler \u00e0 [&hellip;]<\/p>\n","protected":false},"author":1,"featured_media":0,"parent":425,"menu_order":0,"comment_status":"closed","ping_status":"closed","template":"page-sdg.php","meta":{"footnotes":""},"class_list":["post-530","page","type-page","status-publish","hentry"],"_links":{"self":[{"href":"https:\/\/aroundersenseofpurpose.eu\/fr\/wp-json\/wp\/v2\/pages\/530","targetHints":{"allow":["GET"]}}],"collection":[{"href":"https:\/\/aroundersenseofpurpose.eu\/fr\/wp-json\/wp\/v2\/pages"}],"about":[{"href":"https:\/\/aroundersenseofpurpose.eu\/fr\/wp-json\/wp\/v2\/types\/page"}],"author":[{"embeddable":true,"href":"https:\/\/aroundersenseofpurpose.eu\/fr\/wp-json\/wp\/v2\/users\/1"}],"replies":[{"embeddable":true,"href":"https:\/\/aroundersenseofpurpose.eu\/fr\/wp-json\/wp\/v2\/comments?post=530"}],"version-history":[{"count":7,"href":"https:\/\/aroundersenseofpurpose.eu\/fr\/wp-json\/wp\/v2\/pages\/530\/revisions"}],"predecessor-version":[{"id":2443,"href":"https:\/\/aroundersenseofpurpose.eu\/fr\/wp-json\/wp\/v2\/pages\/530\/revisions\/2443"}],"up":[{"embeddable":true,"href":"https:\/\/aroundersenseofpurpose.eu\/fr\/wp-json\/wp\/v2\/pages\/425"}],"wp:attachment":[{"href":"https:\/\/aroundersenseofpurpose.eu\/fr\/wp-json\/wp\/v2\/media?parent=530"}],"curies":[{"name":"wp","href":"https:\/\/api.w.org\/{rel}","templated":true}]}}