{"id":528,"date":"2020-04-10T15:13:40","date_gmt":"2020-04-10T14:13:40","guid":{"rendered":"http:\/\/base.aroundersenseofpurpose.eu\/?page_id=528"},"modified":"2021-06-03T09:40:14","modified_gmt":"2021-06-03T08:40:14","slug":"sdg6","status":"publish","type":"page","link":"https:\/\/aroundersenseofpurpose.eu\/fr\/sdgs\/sdg6\/","title":{"rendered":"Eau propre et assainissement"},"content":{"rendered":"\n<p>Comme le dit l\u2019ONU,\u00a0l\u2019eau propre et accessible pour toutes et tous est essentielle et il y a suffisamment d\u2019eau douce sur la plan\u00e8te pour y parvenir. Cependant, en raison de politiques \u00e9conomiques ou de mauvaises infrastructures, des millions de personnes, y compris des enfants, meurent chaque ann\u00e9e de maladies li\u00e9es \u00e0 un approvisionnement en eau inad\u00e9quat, \u00e0 l\u2019assainissement et \u00e0 l\u2019hygi\u00e8ne.<\/p>\n","protected":false},"excerpt":{"rendered":"<p>Comme le dit l\u2019ONU,\u00a0l\u2019eau propre et accessible pour toutes et tous est essentielle et il y a suffisamment d\u2019eau douce sur la plan\u00e8te pour y parvenir. Cependant, en raison de politiques \u00e9conomiques ou de mauvaises infrastructures, des millions de personnes, y compris des enfants, meurent chaque ann\u00e9e de maladies li\u00e9es \u00e0 un approvisionnement en eau [&hellip;]<\/p>\n","protected":false},"author":1,"featured_media":0,"parent":425,"menu_order":0,"comment_status":"closed","ping_status":"closed","template":"page-sdg.php","meta":{"footnotes":""},"class_list":["post-528","page","type-page","status-publish","hentry"],"_links":{"self":[{"href":"https:\/\/aroundersenseofpurpose.eu\/fr\/wp-json\/wp\/v2\/pages\/528","targetHints":{"allow":["GET"]}}],"collection":[{"href":"https:\/\/aroundersenseofpurpose.eu\/fr\/wp-json\/wp\/v2\/pages"}],"about":[{"href":"https:\/\/aroundersenseofpurpose.eu\/fr\/wp-json\/wp\/v2\/types\/page"}],"author":[{"embeddable":true,"href":"https:\/\/aroundersenseofpurpose.eu\/fr\/wp-json\/wp\/v2\/users\/1"}],"replies":[{"embeddable":true,"href":"https:\/\/aroundersenseofpurpose.eu\/fr\/wp-json\/wp\/v2\/comments?post=528"}],"version-history":[{"count":5,"href":"https:\/\/aroundersenseofpurpose.eu\/fr\/wp-json\/wp\/v2\/pages\/528\/revisions"}],"predecessor-version":[{"id":2441,"href":"https:\/\/aroundersenseofpurpose.eu\/fr\/wp-json\/wp\/v2\/pages\/528\/revisions\/2441"}],"up":[{"embeddable":true,"href":"https:\/\/aroundersenseofpurpose.eu\/fr\/wp-json\/wp\/v2\/pages\/425"}],"wp:attachment":[{"href":"https:\/\/aroundersenseofpurpose.eu\/fr\/wp-json\/wp\/v2\/media?parent=528"}],"curies":[{"name":"wp","href":"https:\/\/api.w.org\/{rel}","templated":true}]}}