{"id":526,"date":"2020-04-10T15:12:45","date_gmt":"2020-04-10T14:12:45","guid":{"rendered":"http:\/\/base.aroundersenseofpurpose.eu\/?page_id=526"},"modified":"2021-05-27T09:40:48","modified_gmt":"2021-05-27T08:40:48","slug":"sdg5","status":"publish","type":"page","link":"https:\/\/aroundersenseofpurpose.eu\/fr\/sdgs\/sdg5\/","title":{"rendered":"\u00c9galit\u00e9 entre les sexes"},"content":{"rendered":"\n<p>Comme le dit l\u2019ONU, fournir aux femmes et aux filles un acc\u00e8s \u00e9gal \u00e0 l\u2019\u00e9ducation, aux soins de sant\u00e9, au travail d\u00e9cent et \u00e0 la repr\u00e9sentation dans les processus d\u00e9cisionnels politiques et \u00e9conomiques alimentera des \u00e9conomies durables et profitera aux soci\u00e9t\u00e9s et \u00e0 l\u2019humanit\u00e9 en g\u00e9n\u00e9ral. Mettre en place de nouveaux cadres juridiques en mati\u00e8re d\u2019\u00e9galit\u00e9 des femmes sur le lieu de travail et l\u2019\u00e9radication des pratiques nuisibles ciblant les femmes est cruciale pour mettre fin \u00e0 la discrimination fond\u00e9e sur le sexe qui pr\u00e9vaut dans de nombreux pays du monde.<\/p>\n","protected":false},"excerpt":{"rendered":"<p>Comme le dit l\u2019ONU, fournir aux femmes et aux filles un acc\u00e8s \u00e9gal \u00e0 l\u2019\u00e9ducation, aux soins de sant\u00e9, au travail d\u00e9cent et \u00e0 la repr\u00e9sentation dans les processus d\u00e9cisionnels politiques et \u00e9conomiques alimentera des \u00e9conomies durables et profitera aux soci\u00e9t\u00e9s et \u00e0 l\u2019humanit\u00e9 en g\u00e9n\u00e9ral. Mettre en place de nouveaux cadres juridiques en mati\u00e8re [&hellip;]<\/p>\n","protected":false},"author":1,"featured_media":0,"parent":425,"menu_order":0,"comment_status":"closed","ping_status":"closed","template":"page-sdg.php","meta":{"footnotes":""},"class_list":["post-526","page","type-page","status-publish","hentry"],"_links":{"self":[{"href":"https:\/\/aroundersenseofpurpose.eu\/fr\/wp-json\/wp\/v2\/pages\/526","targetHints":{"allow":["GET"]}}],"collection":[{"href":"https:\/\/aroundersenseofpurpose.eu\/fr\/wp-json\/wp\/v2\/pages"}],"about":[{"href":"https:\/\/aroundersenseofpurpose.eu\/fr\/wp-json\/wp\/v2\/types\/page"}],"author":[{"embeddable":true,"href":"https:\/\/aroundersenseofpurpose.eu\/fr\/wp-json\/wp\/v2\/users\/1"}],"replies":[{"embeddable":true,"href":"https:\/\/aroundersenseofpurpose.eu\/fr\/wp-json\/wp\/v2\/comments?post=526"}],"version-history":[{"count":4,"href":"https:\/\/aroundersenseofpurpose.eu\/fr\/wp-json\/wp\/v2\/pages\/526\/revisions"}],"predecessor-version":[{"id":2371,"href":"https:\/\/aroundersenseofpurpose.eu\/fr\/wp-json\/wp\/v2\/pages\/526\/revisions\/2371"}],"up":[{"embeddable":true,"href":"https:\/\/aroundersenseofpurpose.eu\/fr\/wp-json\/wp\/v2\/pages\/425"}],"wp:attachment":[{"href":"https:\/\/aroundersenseofpurpose.eu\/fr\/wp-json\/wp\/v2\/media?parent=526"}],"curies":[{"name":"wp","href":"https:\/\/api.w.org\/{rel}","templated":true}]}}