{"id":524,"date":"2020-04-10T15:11:53","date_gmt":"2020-04-10T14:11:53","guid":{"rendered":"http:\/\/base.aroundersenseofpurpose.eu\/?page_id=524"},"modified":"2021-05-26T10:28:23","modified_gmt":"2021-05-26T09:28:23","slug":"sdg4","status":"publish","type":"page","link":"https:\/\/aroundersenseofpurpose.eu\/fr\/sdgs\/sdg4\/","title":{"rendered":"\u00c9ducation de qualit\u00e9"},"content":{"rendered":"\n<p>Comme le dit l\u2019ONU, l\u2019obtention d\u2019une \u00e9ducation de qualit\u00e9 est le fondement de la cr\u00e9ation d\u2019un d\u00e9veloppement durable. En plus d\u2019am\u00e9liorer la qualit\u00e9 de vie, l\u2019acc\u00e8s \u00e0 l\u2019\u00e9ducation inclusive peut aider \u00e0 doter les populations locales des outils n\u00e9cessaires pour d\u00e9velopper des solutions innovantes aux plus grands probl\u00e8mes du monde.<\/p>\n","protected":false},"excerpt":{"rendered":"<p>Comme le dit l\u2019ONU, l\u2019obtention d\u2019une \u00e9ducation de qualit\u00e9 est le fondement de la cr\u00e9ation d\u2019un d\u00e9veloppement durable. En plus d\u2019am\u00e9liorer la qualit\u00e9 de vie, l\u2019acc\u00e8s \u00e0 l\u2019\u00e9ducation inclusive peut aider \u00e0 doter les populations locales des outils n\u00e9cessaires pour d\u00e9velopper des solutions innovantes aux plus grands probl\u00e8mes du monde.<\/p>\n","protected":false},"author":1,"featured_media":0,"parent":425,"menu_order":0,"comment_status":"closed","ping_status":"closed","template":"page-sdg.php","meta":{"footnotes":""},"class_list":["post-524","page","type-page","status-publish","hentry"],"_links":{"self":[{"href":"https:\/\/aroundersenseofpurpose.eu\/fr\/wp-json\/wp\/v2\/pages\/524","targetHints":{"allow":["GET"]}}],"collection":[{"href":"https:\/\/aroundersenseofpurpose.eu\/fr\/wp-json\/wp\/v2\/pages"}],"about":[{"href":"https:\/\/aroundersenseofpurpose.eu\/fr\/wp-json\/wp\/v2\/types\/page"}],"author":[{"embeddable":true,"href":"https:\/\/aroundersenseofpurpose.eu\/fr\/wp-json\/wp\/v2\/users\/1"}],"replies":[{"embeddable":true,"href":"https:\/\/aroundersenseofpurpose.eu\/fr\/wp-json\/wp\/v2\/comments?post=524"}],"version-history":[{"count":4,"href":"https:\/\/aroundersenseofpurpose.eu\/fr\/wp-json\/wp\/v2\/pages\/524\/revisions"}],"predecessor-version":[{"id":2294,"href":"https:\/\/aroundersenseofpurpose.eu\/fr\/wp-json\/wp\/v2\/pages\/524\/revisions\/2294"}],"up":[{"embeddable":true,"href":"https:\/\/aroundersenseofpurpose.eu\/fr\/wp-json\/wp\/v2\/pages\/425"}],"wp:attachment":[{"href":"https:\/\/aroundersenseofpurpose.eu\/fr\/wp-json\/wp\/v2\/media?parent=524"}],"curies":[{"name":"wp","href":"https:\/\/api.w.org\/{rel}","templated":true}]}}