{"id":522,"date":"2020-04-10T15:11:15","date_gmt":"2020-04-10T14:11:15","guid":{"rendered":"http:\/\/base.aroundersenseofpurpose.eu\/?page_id=522"},"modified":"2021-05-27T09:42:40","modified_gmt":"2021-05-27T08:42:40","slug":"sdg3","status":"publish","type":"page","link":"https:\/\/aroundersenseofpurpose.eu\/fr\/sdgs\/sdg3\/","title":{"rendered":"Bonne sant\u00e9 et bien-\u00eatre"},"content":{"rendered":"\n<p>Comme le dit l\u2019ONU, permettre de vivre en bonne sant\u00e9 et promouvoir le bien-\u00eatre \u00e0 tous les \u00e2ges sont des conditions essentielles au d\u00e9veloppement durable.<\/p>\n","protected":false},"excerpt":{"rendered":"<p>Comme le dit l\u2019ONU, permettre de vivre en bonne sant\u00e9 et promouvoir le bien-\u00eatre \u00e0 tous les \u00e2ges sont des conditions essentielles au d\u00e9veloppement durable.<\/p>\n","protected":false},"author":1,"featured_media":0,"parent":425,"menu_order":0,"comment_status":"closed","ping_status":"closed","template":"page-sdg.php","meta":{"footnotes":""},"class_list":["post-522","page","type-page","status-publish","hentry"],"_links":{"self":[{"href":"https:\/\/aroundersenseofpurpose.eu\/fr\/wp-json\/wp\/v2\/pages\/522","targetHints":{"allow":["GET"]}}],"collection":[{"href":"https:\/\/aroundersenseofpurpose.eu\/fr\/wp-json\/wp\/v2\/pages"}],"about":[{"href":"https:\/\/aroundersenseofpurpose.eu\/fr\/wp-json\/wp\/v2\/types\/page"}],"author":[{"embeddable":true,"href":"https:\/\/aroundersenseofpurpose.eu\/fr\/wp-json\/wp\/v2\/users\/1"}],"replies":[{"embeddable":true,"href":"https:\/\/aroundersenseofpurpose.eu\/fr\/wp-json\/wp\/v2\/comments?post=522"}],"version-history":[{"count":4,"href":"https:\/\/aroundersenseofpurpose.eu\/fr\/wp-json\/wp\/v2\/pages\/522\/revisions"}],"predecessor-version":[{"id":2373,"href":"https:\/\/aroundersenseofpurpose.eu\/fr\/wp-json\/wp\/v2\/pages\/522\/revisions\/2373"}],"up":[{"embeddable":true,"href":"https:\/\/aroundersenseofpurpose.eu\/fr\/wp-json\/wp\/v2\/pages\/425"}],"wp:attachment":[{"href":"https:\/\/aroundersenseofpurpose.eu\/fr\/wp-json\/wp\/v2\/media?parent=522"}],"curies":[{"name":"wp","href":"https:\/\/api.w.org\/{rel}","templated":true}]}}