{"id":520,"date":"2020-04-10T15:10:19","date_gmt":"2020-04-10T14:10:19","guid":{"rendered":"http:\/\/base.aroundersenseofpurpose.eu\/?page_id=520"},"modified":"2021-06-03T09:54:41","modified_gmt":"2021-06-03T08:54:41","slug":"sdg2","status":"publish","type":"page","link":"https:\/\/aroundersenseofpurpose.eu\/fr\/sdgs\/sdg2\/","title":{"rendered":"Faim &#8220;Z\u00e9ro&#8221;"},"content":{"rendered":"\n<p>Comme le dit l\u2019ONU, il est temps de repenser notre fa\u00e7on de cultiver, de partager et de consommer nos aliments. Si elles sont bien faites, l\u2019agriculture, la foresterie et la p\u00eache peuvent fournir des aliments nutritifs \u00e0 toutes et tous et g\u00e9n\u00e9rer des revenus d\u00e9cents tout en soutenant le d\u00e9veloppement rural ax\u00e9 sur les personnes et en prot\u00e9geant l\u2019environnement.<\/p>\n","protected":false},"excerpt":{"rendered":"<p>Comme le dit l\u2019ONU, il est temps de repenser notre fa\u00e7on de cultiver, de partager et de consommer nos aliments. Si elles sont bien faites, l\u2019agriculture, la foresterie et la p\u00eache peuvent fournir des aliments nutritifs \u00e0 toutes et tous et g\u00e9n\u00e9rer des revenus d\u00e9cents tout en soutenant le d\u00e9veloppement rural ax\u00e9 sur les personnes [&hellip;]<\/p>\n","protected":false},"author":1,"featured_media":0,"parent":425,"menu_order":0,"comment_status":"closed","ping_status":"closed","template":"page-sdg.php","meta":{"footnotes":""},"class_list":["post-520","page","type-page","status-publish","hentry"],"_links":{"self":[{"href":"https:\/\/aroundersenseofpurpose.eu\/fr\/wp-json\/wp\/v2\/pages\/520","targetHints":{"allow":["GET"]}}],"collection":[{"href":"https:\/\/aroundersenseofpurpose.eu\/fr\/wp-json\/wp\/v2\/pages"}],"about":[{"href":"https:\/\/aroundersenseofpurpose.eu\/fr\/wp-json\/wp\/v2\/types\/page"}],"author":[{"embeddable":true,"href":"https:\/\/aroundersenseofpurpose.eu\/fr\/wp-json\/wp\/v2\/users\/1"}],"replies":[{"embeddable":true,"href":"https:\/\/aroundersenseofpurpose.eu\/fr\/wp-json\/wp\/v2\/comments?post=520"}],"version-history":[{"count":6,"href":"https:\/\/aroundersenseofpurpose.eu\/fr\/wp-json\/wp\/v2\/pages\/520\/revisions"}],"predecessor-version":[{"id":2444,"href":"https:\/\/aroundersenseofpurpose.eu\/fr\/wp-json\/wp\/v2\/pages\/520\/revisions\/2444"}],"up":[{"embeddable":true,"href":"https:\/\/aroundersenseofpurpose.eu\/fr\/wp-json\/wp\/v2\/pages\/425"}],"wp:attachment":[{"href":"https:\/\/aroundersenseofpurpose.eu\/fr\/wp-json\/wp\/v2\/media?parent=520"}],"curies":[{"name":"wp","href":"https:\/\/api.w.org\/{rel}","templated":true}]}}