{"id":518,"date":"2020-04-10T14:50:41","date_gmt":"2020-04-10T13:50:41","guid":{"rendered":"http:\/\/base.aroundersenseofpurpose.eu\/?page_id=518"},"modified":"2021-05-27T09:52:29","modified_gmt":"2021-05-27T08:52:29","slug":"sdg1","status":"publish","type":"page","link":"https:\/\/aroundersenseofpurpose.eu\/fr\/sdgs\/sdg1\/","title":{"rendered":"Pas de pauvret\u00e9"},"content":{"rendered":"\n<p>Comme le dit l\u2019ONU, la pauvret\u00e9 a de nombreuses dimensions et ses causes incluent le ch\u00f4mage, l\u2019exclusion sociale et la grande vuln\u00e9rabilit\u00e9 de certaines populations aux catastrophes, aux maladies et autres ph\u00e9nom\u00e8nes qui les emp\u00eachent d\u2019\u00eatre productives. Les in\u00e9galit\u00e9s croissantes nuisent \u00e0 la croissance \u00e9conomique et compromettent la coh\u00e9sion sociale, accroissent les tensions politiques et sociales et, dans certaines circonstances, provoquent l\u2019instabilit\u00e9 et les conflits tout en compromettant la dignit\u00e9 humaine.<\/p>\n","protected":false},"excerpt":{"rendered":"<p>Comme le dit l\u2019ONU, la pauvret\u00e9 a de nombreuses dimensions et ses causes incluent le ch\u00f4mage, l\u2019exclusion sociale et la grande vuln\u00e9rabilit\u00e9 de certaines populations aux catastrophes, aux maladies et autres ph\u00e9nom\u00e8nes qui les emp\u00eachent d\u2019\u00eatre productives. Les in\u00e9galit\u00e9s croissantes nuisent \u00e0 la croissance \u00e9conomique et compromettent la coh\u00e9sion sociale, accroissent les tensions politiques et [&hellip;]<\/p>\n","protected":false},"author":1,"featured_media":0,"parent":425,"menu_order":0,"comment_status":"closed","ping_status":"closed","template":"page-sdg.php","meta":{"footnotes":""},"class_list":["post-518","page","type-page","status-publish","hentry"],"_links":{"self":[{"href":"https:\/\/aroundersenseofpurpose.eu\/fr\/wp-json\/wp\/v2\/pages\/518","targetHints":{"allow":["GET"]}}],"collection":[{"href":"https:\/\/aroundersenseofpurpose.eu\/fr\/wp-json\/wp\/v2\/pages"}],"about":[{"href":"https:\/\/aroundersenseofpurpose.eu\/fr\/wp-json\/wp\/v2\/types\/page"}],"author":[{"embeddable":true,"href":"https:\/\/aroundersenseofpurpose.eu\/fr\/wp-json\/wp\/v2\/users\/1"}],"replies":[{"embeddable":true,"href":"https:\/\/aroundersenseofpurpose.eu\/fr\/wp-json\/wp\/v2\/comments?post=518"}],"version-history":[{"count":5,"href":"https:\/\/aroundersenseofpurpose.eu\/fr\/wp-json\/wp\/v2\/pages\/518\/revisions"}],"predecessor-version":[{"id":2381,"href":"https:\/\/aroundersenseofpurpose.eu\/fr\/wp-json\/wp\/v2\/pages\/518\/revisions\/2381"}],"up":[{"embeddable":true,"href":"https:\/\/aroundersenseofpurpose.eu\/fr\/wp-json\/wp\/v2\/pages\/425"}],"wp:attachment":[{"href":"https:\/\/aroundersenseofpurpose.eu\/fr\/wp-json\/wp\/v2\/media?parent=518"}],"curies":[{"name":"wp","href":"https:\/\/api.w.org\/{rel}","templated":true}]}}