{"id":513,"date":"2020-04-10T13:50:07","date_gmt":"2020-04-10T12:50:07","guid":{"rendered":"http:\/\/base.aroundersenseofpurpose.eu\/?page_id=513"},"modified":"2021-06-03T09:19:35","modified_gmt":"2021-06-03T08:19:35","slug":"palette","status":"publish","type":"page","link":"https:\/\/aroundersenseofpurpose.eu\/fr\/framework\/palette\/","title":{"rendered":"12 Comp\u00e9tences RSP pr\u00e9sent\u00e9es sur une palette d\u2019artiste"},"content":{"rendered":"\n<p>Les 12 Comp\u00e9tences RSP sont pr\u00e9sent\u00e9es sur une palette d\u2019artiste. Cela reconna\u00eet que les enseignant\u00b7e\u00b7s se concentreront rarement sur une comp\u00e9tence \u00e0 la fois, mais les domaines de comp\u00e9tence seront combin\u00e9s en fonction de chaque contexte.<\/p>\n","protected":false},"excerpt":{"rendered":"<p>Les 12 Comp\u00e9tences RSP sont pr\u00e9sent\u00e9es sur une palette d\u2019artiste. Cela reconna\u00eet que les enseignant\u00b7e\u00b7s se concentreront rarement sur une comp\u00e9tence \u00e0 la fois, mais les domaines de comp\u00e9tence seront combin\u00e9s en fonction de chaque contexte.<\/p>\n","protected":false},"author":1,"featured_media":0,"parent":1698,"menu_order":0,"comment_status":"closed","ping_status":"closed","template":"page-palette.php","meta":{"footnotes":""},"class_list":["post-513","page","type-page","status-publish","hentry"],"_links":{"self":[{"href":"https:\/\/aroundersenseofpurpose.eu\/fr\/wp-json\/wp\/v2\/pages\/513","targetHints":{"allow":["GET"]}}],"collection":[{"href":"https:\/\/aroundersenseofpurpose.eu\/fr\/wp-json\/wp\/v2\/pages"}],"about":[{"href":"https:\/\/aroundersenseofpurpose.eu\/fr\/wp-json\/wp\/v2\/types\/page"}],"author":[{"embeddable":true,"href":"https:\/\/aroundersenseofpurpose.eu\/fr\/wp-json\/wp\/v2\/users\/1"}],"replies":[{"embeddable":true,"href":"https:\/\/aroundersenseofpurpose.eu\/fr\/wp-json\/wp\/v2\/comments?post=513"}],"version-history":[{"count":10,"href":"https:\/\/aroundersenseofpurpose.eu\/fr\/wp-json\/wp\/v2\/pages\/513\/revisions"}],"predecessor-version":[{"id":2418,"href":"https:\/\/aroundersenseofpurpose.eu\/fr\/wp-json\/wp\/v2\/pages\/513\/revisions\/2418"}],"up":[{"embeddable":true,"href":"https:\/\/aroundersenseofpurpose.eu\/fr\/wp-json\/wp\/v2\/pages\/1698"}],"wp:attachment":[{"href":"https:\/\/aroundersenseofpurpose.eu\/fr\/wp-json\/wp\/v2\/media?parent=513"}],"curies":[{"name":"wp","href":"https:\/\/api.w.org\/{rel}","templated":true}]}}