{"id":499,"date":"2020-04-10T12:57:21","date_gmt":"2020-04-10T11:57:21","guid":{"rendered":"http:\/\/base.aroundersenseofpurpose.eu\/?page_id=499"},"modified":"2021-06-03T09:22:05","modified_gmt":"2021-06-03T08:22:05","slug":"at-ref","status":"publish","type":"page","link":"https:\/\/aroundersenseofpurpose.eu\/fr\/framework\/at-ref\/","title":{"rendered":"D\u00e9cision"},"content":{"rendered":"\n<p><strong>L\u2019enseignant\u00b7e aide les \u00e9l\u00e8ves \u00e0 agir de mani\u00e8re prudente et opportune, m\u00eame dans des situations d\u2019incertitude.<\/strong><\/p>\n\n\n\n<p><\/p>\n\n\n\n<p class=\"has-medium-font-size\">Objectifs d\u2019apprentissage <\/p>\n\n\n\n<p>L\u2019enseignant\u00b7e aide les \u00e9l\u00e8ves \u00e0 <\/p>\n\n\n\n<ul class=\"wp-block-list\"><li>12.1 Agir en temps opportun m\u00eame face \u00e0 des \u00e9v\u00e9nements impr\u00e9vus, gardant \u00e0 l\u2019esprit le principe de pr\u00e9caution<\/li><li>12.2 Prendre des d\u00e9cisions m\u00eame dans un contexte de dilemmes, d&#8217;incertitudes, de contradictions et de probl\u00e8mes tordus li\u00e9s \u00e0 la durabilit\u00e9, conform\u00e9ment \u00e0 leurs valeurs, en \u00e9tant conscient que reporter les d\u00e9cisions et ne pas agir est aussi une d\u00e9cision<\/li><li>12.3 Rassembler des informations et consid\u00e8re diverses options tout en \u00e9tant ouvert \u00e0 des alternatives<\/li><\/ul>\n\n\n\n<p class=\"has-medium-font-size\">Composantes sous-jacentes <\/p>\n\n\n\n<p>De mani\u00e8re \u00e0 atteindre les objectifs d\u2019apprentissage ci-dessus : l\u2019enseignant\u00b7e devrait pouvoir<\/p>\n\n\n\n<ul class=\"wp-block-list\"><li>C12 Utiliser des techniques telles que les situations de dilemme, l&#8217;improvisation, les activit\u00e9s de r\u00e9solution de probl\u00e8mes et les jeux de simulation pour d\u00e9velopper chez les apprenants une prise de d\u00e9cision rapide mais prudente<\/li><li>C12.1a Identifier une vari\u00e9t\u00e9 de sources d\u2019information et s\u2019assurer qu\u2019elles pr\u00e9sentent des options alternatives<\/li><li>C12.1b Exercer un bon jugement et apporter des solutions judicieuses et bien inform\u00e9es bas\u00e9es sur des alternatives pr\u00e9-identifi\u00e9es ou connues<\/li><li>C12.2a G\u00e9rer des priorit\u00e9s contradictoires et prendre des d\u00e9cisions efficaces et opportunes pour r\u00e9soudre des probl\u00e8mes conflictuels<\/li><li>C12.2b Prendre des d\u00e9cisions avec des cons\u00e9quences significatives et percevoir l\u2019impact et les implications de ces d\u00e9cisions<\/li><li>C12.3a Mettre en lumi\u00e8re l\u2019impact de diff\u00e9rents d\u00e9lais lors de la r\u00e9solution d\u2019un probl\u00e8me<\/li><li>C12.3b Agir rapidement et avec confiance lorsqu&#8217;une situation exige une d\u00e9cision rapide, en s&#8217;appuyant si possible sur l&#8217;intelligence collective<\/li><\/ul>\n","protected":false},"excerpt":{"rendered":"<p>L\u2019enseignant\u00b7e aide les \u00e9l\u00e8ves \u00e0 agir<br \/>\nde mani\u00e8re prudente et<br \/>\nopportune, m\u00eame dans des<br \/>\nsituations d\u2019incertitude.<\/p>\n","protected":false},"author":1,"featured_media":0,"parent":1698,"menu_order":0,"comment_status":"closed","ping_status":"closed","template":"page-competence.php","meta":{"footnotes":""},"class_list":["post-499","page","type-page","status-publish","hentry"],"_links":{"self":[{"href":"https:\/\/aroundersenseofpurpose.eu\/fr\/wp-json\/wp\/v2\/pages\/499","targetHints":{"allow":["GET"]}}],"collection":[{"href":"https:\/\/aroundersenseofpurpose.eu\/fr\/wp-json\/wp\/v2\/pages"}],"about":[{"href":"https:\/\/aroundersenseofpurpose.eu\/fr\/wp-json\/wp\/v2\/types\/page"}],"author":[{"embeddable":true,"href":"https:\/\/aroundersenseofpurpose.eu\/fr\/wp-json\/wp\/v2\/users\/1"}],"replies":[{"embeddable":true,"href":"https:\/\/aroundersenseofpurpose.eu\/fr\/wp-json\/wp\/v2\/comments?post=499"}],"version-history":[{"count":7,"href":"https:\/\/aroundersenseofpurpose.eu\/fr\/wp-json\/wp\/v2\/pages\/499\/revisions"}],"predecessor-version":[{"id":2423,"href":"https:\/\/aroundersenseofpurpose.eu\/fr\/wp-json\/wp\/v2\/pages\/499\/revisions\/2423"}],"up":[{"embeddable":true,"href":"https:\/\/aroundersenseofpurpose.eu\/fr\/wp-json\/wp\/v2\/pages\/1698"}],"wp:attachment":[{"href":"https:\/\/aroundersenseofpurpose.eu\/fr\/wp-json\/wp\/v2\/media?parent=499"}],"curies":[{"name":"wp","href":"https:\/\/api.w.org\/{rel}","templated":true}]}}