{"id":491,"date":"2020-04-10T12:51:09","date_gmt":"2020-04-10T11:51:09","guid":{"rendered":"http:\/\/base.aroundersenseofpurpose.eu\/?page_id=491"},"modified":"2021-06-03T09:30:54","modified_gmt":"2021-06-03T08:30:54","slug":"ec-ref","status":"publish","type":"page","link":"https:\/\/aroundersenseofpurpose.eu\/fr\/framework\/ec-ref\/","title":{"rendered":"Responsabilit\u00e9"},"content":{"rendered":"\n<p><strong>L\u2019enseignant\u00b7e aide les \u00e9l\u00e8ves \u00e0 r\u00e9fl\u00e9chir sur leurs propres actions, \u00e0 agir de mani\u00e8re transparente et \u00e0 accepter la responsabilit\u00e9 personnelle de leur travail.<\/strong><\/p>\n\n\n\n<p class=\"has-medium-font-size\">Objectifs d\u2019apprentissage <\/p>\n\n\n\n<p>L\u2019enseignant\u00b7e aide les \u00e9l\u00e8ves \u00e0 :<\/p>\n\n\n\n<ul class=\"wp-block-list\"><li>8.1 Identifier les cons\u00e9quences sociales, environnementales et \u00e9conomiques potentielles de leurs d\u00e9cisions et actions<\/li><\/ul>\n\n\n\n<ul class=\"wp-block-list\"><li>8.2 Accepter d&#8217;\u00eatre personnellement responsables de leurs propres d\u00e9cisions et actions, le cas \u00e9ch\u00e9ant<\/li><\/ul>\n\n\n\n<ul class=\"wp-block-list\"><li>8.3 R\u00e9fl\u00e9chir de mani\u00e8re critique \u00e0 leurs propres d\u00e9cisions et actions et \u00e0 celles des autres, en recherchant des possibilit\u00e9s d&#8217;am\u00e9lioration et de d\u00e9veloppement<\/li><\/ul>\n\n\n\n<p class=\"has-medium-font-size\">Composantes sous-jacentes<\/p>\n\n\n\n<p>De mani\u00e8re \u00e0 atteindre les objectifs d\u2019apprentissage ci-dessus, l\u2019enseignant\u00b7e devrait pouvoir :<\/p>\n\n\n\n<ul class=\"wp-block-list\"><li>C8.1a Encourager les apprenants \u00e0 r\u00e9fl\u00e9chir aux cons\u00e9quences de leurs d\u00e9cisions et de leurs actions en utilisant des techniques et des approches telles que les jeux de simulation, la cartographie conceptuelle et l&#8217;apprentissage par projet<\/li><li>C8.2 Aider les apprenants \u00e0 reconna\u00eetre une s\u00e9rie de droits, de r\u00f4les et de responsabilit\u00e9s, ainsi que des syst\u00e8mes de relations permettant de demander des comptes<\/li><li>C8.3 R\u00e9fl\u00e9chir sur son propre travail et son fonctionnement et se comporter lui-m\u00eame de mani\u00e8re responsable et transparente<\/li><\/ul>\n","protected":false},"excerpt":{"rendered":"<p>L\u2019enseignant\u00b7e aide les \u00e9l\u00e8ves \u00e0<br \/>\nr\u00e9fl\u00e9chir sur leurs propres actions,<br \/>\n\u00e0 agir de mani\u00e8re transparente et<br \/>\n\u00e0 accepter la responsabilit\u00e9<br \/>\npersonnelle de leur travail.<\/p>\n","protected":false},"author":1,"featured_media":0,"parent":1698,"menu_order":0,"comment_status":"closed","ping_status":"closed","template":"page-competence.php","meta":{"footnotes":""},"class_list":["post-491","page","type-page","status-publish","hentry"],"_links":{"self":[{"href":"https:\/\/aroundersenseofpurpose.eu\/fr\/wp-json\/wp\/v2\/pages\/491","targetHints":{"allow":["GET"]}}],"collection":[{"href":"https:\/\/aroundersenseofpurpose.eu\/fr\/wp-json\/wp\/v2\/pages"}],"about":[{"href":"https:\/\/aroundersenseofpurpose.eu\/fr\/wp-json\/wp\/v2\/types\/page"}],"author":[{"embeddable":true,"href":"https:\/\/aroundersenseofpurpose.eu\/fr\/wp-json\/wp\/v2\/users\/1"}],"replies":[{"embeddable":true,"href":"https:\/\/aroundersenseofpurpose.eu\/fr\/wp-json\/wp\/v2\/comments?post=491"}],"version-history":[{"count":8,"href":"https:\/\/aroundersenseofpurpose.eu\/fr\/wp-json\/wp\/v2\/pages\/491\/revisions"}],"predecessor-version":[{"id":2433,"href":"https:\/\/aroundersenseofpurpose.eu\/fr\/wp-json\/wp\/v2\/pages\/491\/revisions\/2433"}],"up":[{"embeddable":true,"href":"https:\/\/aroundersenseofpurpose.eu\/fr\/wp-json\/wp\/v2\/pages\/1698"}],"wp:attachment":[{"href":"https:\/\/aroundersenseofpurpose.eu\/fr\/wp-json\/wp\/v2\/media?parent=491"}],"curies":[{"name":"wp","href":"https:\/\/api.w.org\/{rel}","templated":true}]}}