{"id":487,"date":"2020-04-10T12:47:02","date_gmt":"2020-04-10T11:47:02","guid":{"rendered":"http:\/\/base.aroundersenseofpurpose.eu\/?page_id=487"},"modified":"2021-06-03T09:22:41","modified_gmt":"2021-06-03T08:22:41","slug":"ec-inv","status":"publish","type":"page","link":"https:\/\/aroundersenseofpurpose.eu\/fr\/framework\/ec-inv\/","title":{"rendered":"Empathie"},"content":{"rendered":"\n<p><strong>L\u2019enseignant\u00b7e aide les \u00e9l\u00e8ves \u00e0 g\u00e9rer leurs sentiments et \u00e9motions ainsi que ceux des autres, tout en d\u00e9veloppant un lien \u00e9motionnel avec le monde naturel.<\/strong><\/p>\n\n\n\n<p><\/p>\n\n\n\n<p class=\"has-medium-font-size\">Objectifs d\u2019apprentissage <\/p>\n\n\n\n<p>L\u2019enseignant\u00b7e aide les \u00e9l\u00e8ves \u00e0 :<\/p>\n\n\n\n<ul class=\"wp-block-list\"><li>6.1 \u00c9couter ses propres \u00e9motions et celles des autres ; comprend et applique des strat\u00e9gies pour faire face \u00e0 la peur, le conflit ou l\u2019abattement, en faisant la diff\u00e9rence entre un espoir infond\u00e9 et des sources r\u00e9alistes d\u2019espoir<\/li><li>6.2 Reconna\u00eetre les besoins et les connections \u00e0 l\u2019int\u00e9rieur et au-del\u00e0 de l\u2019esp\u00e8ce humaine<\/li><li>6.3 D\u00e9velopper leurs propres m\u00e9canismes d&#8217;adaptation et sources de r\u00e9silience et ceux des autres lorsqu&#8217;ils sont confront\u00e9s \u00e0 des probl\u00e8mes li\u00e9s \u00e0 la durabilit\u00e9 potentiellement \u00e9crasants<\/li><\/ul>\n\n\n\n<p class=\"has-medium-font-size\">Composantes sous-jacentes<\/p>\n\n\n\n<p>De mani\u00e8re \u00e0 atteindre les objectifs d\u2019apprentissage ci-dessus, l\u2019enseignant\u00b7e devrait pouvoir :<\/p>\n\n\n\n<ul class=\"wp-block-list\"><li>C6 Utiliser des techniques pour aider les apprenants \u00e0 d\u00e9velopper leur empathie dans un contexte de durabilit\u00e9, par exemple l&#8217;utilisation d&#8217;images, le th\u00e9\u00e2tre, la simulation, le d\u00e9bat et le jeu de r\u00f4le<\/li><li>C6.1a Diff\u00e9rencier la compr\u00e9hension, la sympathie et l\u2019empathie<\/li><li>C6.1b \u00c9couter activement et authentiquement les autres et s&#8217;appuyer sur les opinions des uns et des autres<\/li><li>C6.2a Identifier les situations dans lesquelles ils ont eux-m\u00eames fait appel \u00e0 des m\u00e9canismes d&#8217;adaptation et les relier aux questions de durabilit\u00e9<\/li><li>C6.2b Utiliser leur imagination pour se mettre \u00e0 la place des autres, y compris des non-humains<\/li><li>C6.3 Comprendre le concept de r\u00e9silience et identifier les sources de risque et de protection<\/li><\/ul>\n","protected":false},"excerpt":{"rendered":"<p>L\u2019enseignant\u00b7e aide les \u00e9l\u00e8ves \u00e0<br \/>\ng\u00e9rer leurs sentiments et<br \/>\n\u00e9motions ainsi que ceux des<br \/>\nautres, tout en d\u00e9veloppant un<br \/>\nlien \u00e9motionnel avec le monde<br \/>\nnaturel.<\/p>\n","protected":false},"author":1,"featured_media":0,"parent":1698,"menu_order":0,"comment_status":"closed","ping_status":"closed","template":"page-competence.php","meta":{"footnotes":""},"class_list":["post-487","page","type-page","status-publish","hentry"],"_links":{"self":[{"href":"https:\/\/aroundersenseofpurpose.eu\/fr\/wp-json\/wp\/v2\/pages\/487","targetHints":{"allow":["GET"]}}],"collection":[{"href":"https:\/\/aroundersenseofpurpose.eu\/fr\/wp-json\/wp\/v2\/pages"}],"about":[{"href":"https:\/\/aroundersenseofpurpose.eu\/fr\/wp-json\/wp\/v2\/types\/page"}],"author":[{"embeddable":true,"href":"https:\/\/aroundersenseofpurpose.eu\/fr\/wp-json\/wp\/v2\/users\/1"}],"replies":[{"embeddable":true,"href":"https:\/\/aroundersenseofpurpose.eu\/fr\/wp-json\/wp\/v2\/comments?post=487"}],"version-history":[{"count":9,"href":"https:\/\/aroundersenseofpurpose.eu\/fr\/wp-json\/wp\/v2\/pages\/487\/revisions"}],"predecessor-version":[{"id":2424,"href":"https:\/\/aroundersenseofpurpose.eu\/fr\/wp-json\/wp\/v2\/pages\/487\/revisions\/2424"}],"up":[{"embeddable":true,"href":"https:\/\/aroundersenseofpurpose.eu\/fr\/wp-json\/wp\/v2\/pages\/1698"}],"wp:attachment":[{"href":"https:\/\/aroundersenseofpurpose.eu\/fr\/wp-json\/wp\/v2\/media?parent=487"}],"curies":[{"name":"wp","href":"https:\/\/api.w.org\/{rel}","templated":true}]}}