{"id":482,"date":"2020-04-10T12:40:30","date_gmt":"2020-04-10T11:40:30","guid":{"rendered":"http:\/\/base.aroundersenseofpurpose.eu\/?page_id=482"},"modified":"2021-06-03T09:24:35","modified_gmt":"2021-06-03T08:24:35","slug":"th-ref","status":"publish","type":"page","link":"https:\/\/aroundersenseofpurpose.eu\/fr\/framework\/th-ref\/","title":{"rendered":"Esprit critique"},"content":{"rendered":"\n<p><strong>L\u2019enseignant\u00b7e aide les \u00e9l\u00e8ves \u00e0 \u00e9valuer de mani\u00e8re critique la pertinence et la fiabilit\u00e9 des \u00e9nonc\u00e9s, sources, mod\u00e8les et th\u00e9ories.<\/strong><\/p>\n\n\n\n<p><\/p>\n\n\n\n<p class=\"has-medium-font-size\">Objectifs d\u2019apprentissage <\/p>\n\n\n\n<p>L\u2019enseignant\u00b7e aide les \u00e9l\u00e8ves \u00e0 :<\/p>\n\n\n\n<ul class=\"wp-block-list\"><li>4.1 R\u00e9fl\u00e9chir de mani\u00e8re critique au cadrage des questions de soci\u00e9t\u00e9 li\u00e9es \u00e0 la durabilit\u00e9 et pas seulement \u00e0 leurs solutions<\/li><li>4.2 Distinguer les faits, les hypoth\u00e8ses et les opinions, y compris les siennes<\/li><li>4.3 Appliquer des mod\u00e8les et des th\u00e9ories avec pr\u00e9caution, en consid\u00e9rant leurs limites et les incertitudes <\/li><\/ul>\n\n\n\n<p><\/p>\n\n\n\n<p class=\"has-medium-font-size\">Composantes sous-jacentes <\/p>\n\n\n\n<p>De mani\u00e8re \u00e0 atteindre les objectifs d\u2019apprentissage ci-dessus, l\u2019enseignant\u00b7e devrait pouvoir :<\/p>\n\n\n\n<ul class=\"wp-block-list\"><li>C4 Utiliser des techniques pour remettre en question des hypoth\u00e8ses telles que l&#8217;apprentissage bas\u00e9 sur les probl\u00e8mes, les d\u00e9bats ou l&#8217;analyse des dilemmes<\/li><li>C4.1a Guider la discussion et donner de l&#8217;espace et de la valeur aux diverses opinions et hypoth\u00e8ses tout en distinguant les faits des hypoth\u00e8ses et des opinions<\/li><li>C4.1b Comprendre la diff\u00e9rence entre l&#8217;endoctrinement et l&#8217;autonomisation des apprenants<\/li><li>C4.2a Identifier et proposer un certain nombre de sources avec des points de vue contrast\u00e9s, en vue de leur analyse<\/li><li>C4.2b Encourager l&#8217;analyse des sources, y compris l&#8217;identification des diff\u00e9rentes perspectives et des valeurs sous-jacentes dans les arguments et les placer dans le contexte de la durabilit\u00e9<\/li><li>C4.3a Etre conscient de la th\u00e9orie implicite derri\u00e8re les interpr\u00e9tations d\u2019un ph\u00e9nom\u00e8ne et savoir comment l\u2019expliquer<\/li><li>C4.3b Identifier les th\u00e9ories (et leurs limites) qui sous-tendent les interpr\u00e9tations des questions li\u00e9es \u00e0 la durabilit\u00e9<\/li><\/ul>\n","protected":false},"excerpt":{"rendered":"<p>L\u2019enseignant\u00b7e aide les \u00e9l\u00e8ves \u00e0<br \/>\n\u00e9valuer de mani\u00e8re critique la<br \/>\npertinence et la fiabilit\u00e9 des<br \/>\n\u00e9nonc\u00e9s, sources, mod\u00e8les et<br \/>\nth\u00e9ories.<\/p>\n","protected":false},"author":1,"featured_media":0,"parent":1698,"menu_order":0,"comment_status":"closed","ping_status":"closed","template":"page-competence.php","meta":{"footnotes":""},"class_list":["post-482","page","type-page","status-publish","hentry"],"_links":{"self":[{"href":"https:\/\/aroundersenseofpurpose.eu\/fr\/wp-json\/wp\/v2\/pages\/482","targetHints":{"allow":["GET"]}}],"collection":[{"href":"https:\/\/aroundersenseofpurpose.eu\/fr\/wp-json\/wp\/v2\/pages"}],"about":[{"href":"https:\/\/aroundersenseofpurpose.eu\/fr\/wp-json\/wp\/v2\/types\/page"}],"author":[{"embeddable":true,"href":"https:\/\/aroundersenseofpurpose.eu\/fr\/wp-json\/wp\/v2\/users\/1"}],"replies":[{"embeddable":true,"href":"https:\/\/aroundersenseofpurpose.eu\/fr\/wp-json\/wp\/v2\/comments?post=482"}],"version-history":[{"count":9,"href":"https:\/\/aroundersenseofpurpose.eu\/fr\/wp-json\/wp\/v2\/pages\/482\/revisions"}],"predecessor-version":[{"id":2427,"href":"https:\/\/aroundersenseofpurpose.eu\/fr\/wp-json\/wp\/v2\/pages\/482\/revisions\/2427"}],"up":[{"embeddable":true,"href":"https:\/\/aroundersenseofpurpose.eu\/fr\/wp-json\/wp\/v2\/pages\/1698"}],"wp:attachment":[{"href":"https:\/\/aroundersenseofpurpose.eu\/fr\/wp-json\/wp\/v2\/media?parent=482"}],"curies":[{"name":"wp","href":"https:\/\/api.w.org\/{rel}","templated":true}]}}