{"id":479,"date":"2020-04-10T12:32:25","date_gmt":"2020-04-10T11:32:25","guid":{"rendered":"http:\/\/base.aroundersenseofpurpose.eu\/?page_id=479"},"modified":"2021-06-03T09:33:55","modified_gmt":"2021-06-03T08:33:55","slug":"th-pra","status":"publish","type":"page","link":"https:\/\/aroundersenseofpurpose.eu\/fr\/framework\/th-pra\/","title":{"rendered":"Transdisciplinarit\u00e9"},"content":{"rendered":"\n<p><strong>L\u2019enseignant\u00b7<\/strong>e<strong> agit de mani\u00e8re collaborative \u00e0 l\u2019int\u00e9rieur et \u00e0 l\u2019ext\u00e9rieur de ses propres disciplines, r\u00f4les, perspectives et valeurs.<\/strong><\/p>\n\n\n\n<p class=\"has-medium-font-size\">Objectifs d\u2019apprentissage <\/p>\n\n\n\n<p>L\u2019enseignant\u00b7e aide les \u00e9l\u00e8ves \u00e0\u2026<\/p>\n\n\n\n<ul class=\"wp-block-list\"><li>3.1 Identifier et exprimer ses propres valeurs et perspectives et les forces et les limites de celles-ci au sein d\u2019un contexte donn\u00e9 en lien avec la durabilit\u00e9.<\/li><li>3.2 Coop\u00e9rer \u00e0 la construction de nouvelles connaissances et id\u00e9es dans des contextes multi-, inter- et transdisciplinaires<\/li><li>3.3 Coop\u00e9rer \u00e0 la construction de nouvelles connaissances et id\u00e9es dans des contextes interculturels et interg\u00e9n\u00e9rationnels<\/li><\/ul>\n\n\n\n<p class=\"has-medium-font-size\">Composantes sous-jacentes<\/p>\n\n\n\n<p>De mani\u00e8re \u00e0 atteindre les objectifs d\u2019apprentissage ci-dessus, l\u2019enseignant\u00b7e devrait pouvoir :<\/p>\n\n\n\n<ul class=\"wp-block-list\"><li>C3 Utiliser des m\u00e9thodes telles que les jeux de r\u00f4le, les simulations, le travail de terrain, les \u00e9tudes de cas, les projets et les entretiens pour aider les \u00e9l\u00e8ves \u00e0 travailler dans des groupes h\u00e9t\u00e9rog\u00e8nes et \u00e0 int\u00e9grer des connaissances provenant de disciplines et d&#8217;origines diff\u00e9rentes, par exemple de l&#8217;universit\u00e9, de la communaut\u00e9 locale et des entreprises.<\/li><li>C3.1 Reconna\u00eetre l\u2019importance d\u2019impliquer des personnes issues de diff\u00e9rentes disciplines et d\u2019autres acteurs pour aborder les questions de soci\u00e9t\u00e9 li\u00e9es \u00e0 la durabilit\u00e9<\/li><li>C3.2a G\u00e9rer la co-cr\u00e9ation de processus de collaboration : d\u00e9finition des probl\u00e8mes, reconnaissance des valeurs, recherche de consensus et int\u00e9gration des connaissances des diff\u00e9rentes disciplines et des autres parties prenantes<\/li><li>C3.2b Reconna\u00eetre, et avoir des strat\u00e9gies pour faire face aux d\u00e9fis qui pourraient miner le processus de collaboration tels que le manque de confiance, de l\u00e9gitimit\u00e9, ou de langage commun<\/li><li>C3.3 Reconna\u00eetre le r\u00f4le fondamental que les valeurs et les contextes jouent dans notre prise de d\u00e9cision<\/li><\/ul>\n","protected":false},"excerpt":{"rendered":"<p>L\u2019enseignant\u00b7e agit de mani\u00e8re<br \/>\ncollaborative \u00e0 l\u2019int\u00e9rieur et \u00e0<br \/>\nl\u2019ext\u00e9rieur de ses propres<br \/>\ndisciplines, r\u00f4les, perspectives et<br \/>\nvaleurs.<\/p>\n","protected":false},"author":1,"featured_media":0,"parent":1698,"menu_order":0,"comment_status":"closed","ping_status":"closed","template":"page-competence.php","meta":{"footnotes":""},"class_list":["post-479","page","type-page","status-publish","hentry"],"_links":{"self":[{"href":"https:\/\/aroundersenseofpurpose.eu\/fr\/wp-json\/wp\/v2\/pages\/479","targetHints":{"allow":["GET"]}}],"collection":[{"href":"https:\/\/aroundersenseofpurpose.eu\/fr\/wp-json\/wp\/v2\/pages"}],"about":[{"href":"https:\/\/aroundersenseofpurpose.eu\/fr\/wp-json\/wp\/v2\/types\/page"}],"author":[{"embeddable":true,"href":"https:\/\/aroundersenseofpurpose.eu\/fr\/wp-json\/wp\/v2\/users\/1"}],"replies":[{"embeddable":true,"href":"https:\/\/aroundersenseofpurpose.eu\/fr\/wp-json\/wp\/v2\/comments?post=479"}],"version-history":[{"count":8,"href":"https:\/\/aroundersenseofpurpose.eu\/fr\/wp-json\/wp\/v2\/pages\/479\/revisions"}],"predecessor-version":[{"id":2436,"href":"https:\/\/aroundersenseofpurpose.eu\/fr\/wp-json\/wp\/v2\/pages\/479\/revisions\/2436"}],"up":[{"embeddable":true,"href":"https:\/\/aroundersenseofpurpose.eu\/fr\/wp-json\/wp\/v2\/pages\/1698"}],"wp:attachment":[{"href":"https:\/\/aroundersenseofpurpose.eu\/fr\/wp-json\/wp\/v2\/media?parent=479"}],"curies":[{"name":"wp","href":"https:\/\/api.w.org\/{rel}","templated":true}]}}