{"id":474,"date":"2020-04-10T12:21:53","date_gmt":"2020-04-10T11:21:53","guid":{"rendered":"http:\/\/base.aroundersenseofpurpose.eu\/?page_id=474"},"modified":"2021-06-03T09:21:03","modified_gmt":"2021-06-03T08:21:03","slug":"th-inv","status":"publish","type":"page","link":"https:\/\/aroundersenseofpurpose.eu\/fr\/framework\/th-inv\/","title":{"rendered":"Attention"},"content":{"rendered":"\n<p><strong>L\u2019enseignant\u00b7e alerte les \u00e9l\u00e8ves sur des aspects fondamentalement non durables de notre soci\u00e9t\u00e9, sur la mani\u00e8re dont elle se d\u00e9veloppe et explicite le besoin urgent de changement.<\/strong><\/p>\n\n\n\n<p><\/p>\n\n\n\n<p class=\"has-medium-font-size\">Objectifs d\u2019apprentissage <\/p>\n\n\n\n<p>L\u2019enseignant\u00b7e aide les \u00e9l\u00e8ves \u00e0 :<\/p>\n\n\n\n<ul class=\"wp-block-list\"><li>2.1 Discuter les limites et la r\u00e9silience des syst\u00e8mes naturels et fabriqu\u00e9s par l\u2019homme, d\u00e9crire les d\u00e9fauts structurels des syst\u00e8mes fabriqu\u00e9s par l\u2019homme qui d\u00e9passent les limites et causent la non durabilit\u00e9<\/li><li>2.2 Reconna\u00eetre et discuter le besoin urgent de changer fondamentalement ces syst\u00e8mes fabriqu\u00e9s par l\u2019homme, afin de rem\u00e9dier \u00e0 leurs d\u00e9fauts<\/li><li>2.3 Identifier les opportunit\u00e9s de contribuer \u00e0 l\u2019am\u00e9lioration de la qualit\u00e9 de vie, \u00e9quit\u00e9, solidarit\u00e9 et durabilit\u00e9 environnementale<\/li><\/ul>\n\n\n\n<p><\/p>\n\n\n\n<p class=\"has-medium-font-size\">Composantes sous-jacentes <\/p>\n\n\n\n<p>De mani\u00e8re \u00e0 atteindre les objectifs d\u2019apprentissage ci-dessus, l\u2019enseignant\u00b7e devrait pouvoir :<\/p>\n\n\n\n<ul class=\"wp-block-list\"><li>C2 Utiliser diff\u00e9rentes m\u00e9thodes pour encourager les apprenants \u00e0 replacer les questions actuelles de d\u00e9veloppement dans le contexte de la durabilit\u00e9, par exemple des approches de changement conceptuel, des discussions \u00e0 perspectives multiples, y compris la g\u00e9opolitique, et en regardant \u00e0 travers le prisme de la justice sociale et des limites environnementales.<\/li><li>C2.1 Analyser des recherches et rapports actuels qui traitent une s\u00e9rie de questions li\u00e9es \u00e0 la durabilit\u00e9.<\/li><li>C2.2 Identifier la mani\u00e8re selon laquelle les questions de soci\u00e9t\u00e9 sont souvent multi-dimensionnelles et interreli\u00e9es.<\/li><li>C2.3 Garder l\u2019esprit ouvert en lien avec les solutions multiples qui pourraient \u00e9merger lorsque l\u2019on adopte les principes de la durabilit\u00e9.<\/li><\/ul>\n","protected":false},"excerpt":{"rendered":"<p>L\u2019enseignant\u00b7e alerte les \u00e9l\u00e8ves sur<br \/>\ndes aspects fondamentalement<br \/>\nnon durables de notre soci\u00e9t\u00e9, sur<br \/>\nla mani\u00e8re dont elle se d\u00e9veloppe<br \/>\net explicite le besoin urgent de<br \/>\nchangement.<\/p>\n","protected":false},"author":1,"featured_media":0,"parent":1698,"menu_order":0,"comment_status":"closed","ping_status":"closed","template":"page-competence.php","meta":{"footnotes":""},"class_list":["post-474","page","type-page","status-publish","hentry"],"_links":{"self":[{"href":"https:\/\/aroundersenseofpurpose.eu\/fr\/wp-json\/wp\/v2\/pages\/474","targetHints":{"allow":["GET"]}}],"collection":[{"href":"https:\/\/aroundersenseofpurpose.eu\/fr\/wp-json\/wp\/v2\/pages"}],"about":[{"href":"https:\/\/aroundersenseofpurpose.eu\/fr\/wp-json\/wp\/v2\/types\/page"}],"author":[{"embeddable":true,"href":"https:\/\/aroundersenseofpurpose.eu\/fr\/wp-json\/wp\/v2\/users\/1"}],"replies":[{"embeddable":true,"href":"https:\/\/aroundersenseofpurpose.eu\/fr\/wp-json\/wp\/v2\/comments?post=474"}],"version-history":[{"count":13,"href":"https:\/\/aroundersenseofpurpose.eu\/fr\/wp-json\/wp\/v2\/pages\/474\/revisions"}],"predecessor-version":[{"id":2421,"href":"https:\/\/aroundersenseofpurpose.eu\/fr\/wp-json\/wp\/v2\/pages\/474\/revisions\/2421"}],"up":[{"embeddable":true,"href":"https:\/\/aroundersenseofpurpose.eu\/fr\/wp-json\/wp\/v2\/pages\/1698"}],"wp:attachment":[{"href":"https:\/\/aroundersenseofpurpose.eu\/fr\/wp-json\/wp\/v2\/media?parent=474"}],"curies":[{"name":"wp","href":"https:\/\/api.w.org\/{rel}","templated":true}]}}