{"id":470,"date":"2020-04-10T11:33:09","date_gmt":"2020-04-10T10:33:09","guid":{"rendered":"http:\/\/base.aroundersenseofpurpose.eu\/?page_id=470"},"modified":"2021-06-03T09:18:39","modified_gmt":"2021-06-03T08:18:39","slug":"table","status":"publish","type":"page","link":"https:\/\/aroundersenseofpurpose.eu\/fr\/framework\/table\/","title":{"rendered":"12 Comp\u00e9tences RSP pr\u00e9sent\u00e9es dans un tableau"},"content":{"rendered":"\n<p>Les 12 comp\u00e9tences RSP sont pr\u00e9sent\u00e9es sous forme de tableau. La premi\u00e8re colonne contient des comp\u00e9tences largement li\u00e9es \u00e0 <em>la pens\u00e9e holistique<\/em>, la seconde \u00e0 <em>envisager le changement<\/em> et la troisi\u00e8me \u00e0<em> r\u00e9aliser la transformation<\/em>, id\u00e9alement au niveau institutionnel ou du syst\u00e8me.<\/p>\n\n\n\n<p>Pr\u00e9senter les comp\u00e9tences de cette fa\u00e7on ne signifie pas qu\u2019elles doivent \u00eatre consid\u00e9r\u00e9es comme s\u00e9par\u00e9es ou isol\u00e9es &#8211; les enseignant\u00b7e\u00b7s travailleront in\u00e9vitablement sur et avec diverses comp\u00e9tences.<\/p>\n","protected":false},"excerpt":{"rendered":"<p>Les 12 comp\u00e9tences RSP sont pr\u00e9sent\u00e9es sous forme de tableau. La premi\u00e8re colonne contient des comp\u00e9tences largement li\u00e9es \u00e0 la pens\u00e9e holistique, la seconde \u00e0 envisager le changement et la troisi\u00e8me \u00e0 r\u00e9aliser la transformation, id\u00e9alement au niveau institutionnel ou du syst\u00e8me. Pr\u00e9senter les comp\u00e9tences de cette fa\u00e7on ne signifie pas qu\u2019elles doivent \u00eatre consid\u00e9r\u00e9es [&hellip;]<\/p>\n","protected":false},"author":1,"featured_media":0,"parent":1698,"menu_order":0,"comment_status":"closed","ping_status":"closed","template":"page-table.php","meta":{"footnotes":""},"class_list":["post-470","page","type-page","status-publish","hentry"],"_links":{"self":[{"href":"https:\/\/aroundersenseofpurpose.eu\/fr\/wp-json\/wp\/v2\/pages\/470","targetHints":{"allow":["GET"]}}],"collection":[{"href":"https:\/\/aroundersenseofpurpose.eu\/fr\/wp-json\/wp\/v2\/pages"}],"about":[{"href":"https:\/\/aroundersenseofpurpose.eu\/fr\/wp-json\/wp\/v2\/types\/page"}],"author":[{"embeddable":true,"href":"https:\/\/aroundersenseofpurpose.eu\/fr\/wp-json\/wp\/v2\/users\/1"}],"replies":[{"embeddable":true,"href":"https:\/\/aroundersenseofpurpose.eu\/fr\/wp-json\/wp\/v2\/comments?post=470"}],"version-history":[{"count":8,"href":"https:\/\/aroundersenseofpurpose.eu\/fr\/wp-json\/wp\/v2\/pages\/470\/revisions"}],"predecessor-version":[{"id":2415,"href":"https:\/\/aroundersenseofpurpose.eu\/fr\/wp-json\/wp\/v2\/pages\/470\/revisions\/2415"}],"up":[{"embeddable":true,"href":"https:\/\/aroundersenseofpurpose.eu\/fr\/wp-json\/wp\/v2\/pages\/1698"}],"wp:attachment":[{"href":"https:\/\/aroundersenseofpurpose.eu\/fr\/wp-json\/wp\/v2\/media?parent=470"}],"curies":[{"name":"wp","href":"https:\/\/api.w.org\/{rel}","templated":true}]}}