{"id":425,"date":"2020-03-30T09:14:41","date_gmt":"2020-03-30T08:14:41","guid":{"rendered":"http:\/\/base.aroundersenseofpurpose.eu\/?page_id=425"},"modified":"2021-05-27T09:10:46","modified_gmt":"2021-05-27T08:10:46","slug":"sdgs","status":"publish","type":"page","link":"https:\/\/aroundersenseofpurpose.eu\/fr\/sdgs\/","title":{"rendered":"Objectifs de D\u00e9veloppement Durable des Nations Unies"},"content":{"rendered":"\n<p><\/p>\n\n\n\n<p>Les Nations unies ont adopt\u00e9 les objectifs de d\u00e9veloppement durable (ODD ou <em>Sustainable Development Goals<\/em>&nbsp;SDG en anglais) en tant qu&#8217;objectifs mondiaux visant \u00e0 mettre fin \u00e0 la pauvret\u00e9, \u00e0 prot\u00e9ger la plan\u00e8te et \u00e0 am\u00e9liorer la vie et les perspectives de chacun d&#8217;ici 2030.<\/p>\n\n\n\n<p><\/p>\n","protected":false},"excerpt":{"rendered":"<p>Les Nations unies ont adopt\u00e9 les objectifs de d\u00e9veloppement durable (ODD ou Sustainable Development Goals&nbsp;SDG en anglais) en tant qu&#8217;objectifs mondiaux visant \u00e0 mettre fin \u00e0 la pauvret\u00e9, \u00e0 prot\u00e9ger la plan\u00e8te et \u00e0 am\u00e9liorer la vie et les perspectives de chacun d&#8217;ici 2030.<\/p>\n","protected":false},"author":1,"featured_media":0,"parent":0,"menu_order":0,"comment_status":"closed","ping_status":"closed","template":"page-sdgs.php","meta":{"footnotes":""},"class_list":["post-425","page","type-page","status-publish","hentry"],"_links":{"self":[{"href":"https:\/\/aroundersenseofpurpose.eu\/fr\/wp-json\/wp\/v2\/pages\/425","targetHints":{"allow":["GET"]}}],"collection":[{"href":"https:\/\/aroundersenseofpurpose.eu\/fr\/wp-json\/wp\/v2\/pages"}],"about":[{"href":"https:\/\/aroundersenseofpurpose.eu\/fr\/wp-json\/wp\/v2\/types\/page"}],"author":[{"embeddable":true,"href":"https:\/\/aroundersenseofpurpose.eu\/fr\/wp-json\/wp\/v2\/users\/1"}],"replies":[{"embeddable":true,"href":"https:\/\/aroundersenseofpurpose.eu\/fr\/wp-json\/wp\/v2\/comments?post=425"}],"version-history":[{"count":11,"href":"https:\/\/aroundersenseofpurpose.eu\/fr\/wp-json\/wp\/v2\/pages\/425\/revisions"}],"predecessor-version":[{"id":2391,"href":"https:\/\/aroundersenseofpurpose.eu\/fr\/wp-json\/wp\/v2\/pages\/425\/revisions\/2391"}],"wp:attachment":[{"href":"https:\/\/aroundersenseofpurpose.eu\/fr\/wp-json\/wp\/v2\/media?parent=425"}],"curies":[{"name":"wp","href":"https:\/\/api.w.org\/{rel}","templated":true}]}}