{"id":63,"date":"2019-08-02T15:08:45","date_gmt":"2019-08-02T15:08:45","guid":{"rendered":"https:\/\/aroundersenseofpurpose.eu\/es\/?page_id=63"},"modified":"2020-11-02T15:47:36","modified_gmt":"2020-11-02T14:47:36","slug":"library","status":"publish","type":"page","link":"https:\/\/aroundersenseofpurpose.eu\/es\/library\/","title":{"rendered":"Biblioteca"},"content":{"rendered":"\n<p>Aqu\u00ed encontrar\u00e1s muchas de las referencias bibliogr\u00e1ficas en las que nos hemos inspirado para desarrollar el marco de competencias de RSP. Si deseas encontrar referencias bibliogr\u00e1ficas relacionadas con una competencia espec\u00edfica, ve al <em>modelo<\/em>, selecciona una competencia y haz clic sobre <em>Lecturas \u00fatiles<\/em> al pie de la p\u00e1gina de esta competencia.<\/p>\n","protected":false},"excerpt":{"rendered":"<p>Aqu\u00ed encontrar\u00e1s muchas de las referencias bibliogr\u00e1ficas en las que nos hemos inspirado para desarrollar el marco de competencias de RSP. Si deseas encontrar referencias bibliogr\u00e1ficas relacionadas con una competencia espec\u00edfica, ve al modelo, selecciona una competencia y haz clic sobre Lecturas \u00fatiles al pie de la p\u00e1gina de esta competencia.<\/p>\n","protected":false},"author":1,"featured_media":0,"parent":0,"menu_order":0,"comment_status":"closed","ping_status":"closed","template":"page-library.php","meta":{"footnotes":""},"class_list":["post-63","page","type-page","status-publish","hentry"],"_links":{"self":[{"href":"https:\/\/aroundersenseofpurpose.eu\/es\/wp-json\/wp\/v2\/pages\/63","targetHints":{"allow":["GET"]}}],"collection":[{"href":"https:\/\/aroundersenseofpurpose.eu\/es\/wp-json\/wp\/v2\/pages"}],"about":[{"href":"https:\/\/aroundersenseofpurpose.eu\/es\/wp-json\/wp\/v2\/types\/page"}],"author":[{"embeddable":true,"href":"https:\/\/aroundersenseofpurpose.eu\/es\/wp-json\/wp\/v2\/users\/1"}],"replies":[{"embeddable":true,"href":"https:\/\/aroundersenseofpurpose.eu\/es\/wp-json\/wp\/v2\/comments?post=63"}],"version-history":[{"count":9,"href":"https:\/\/aroundersenseofpurpose.eu\/es\/wp-json\/wp\/v2\/pages\/63\/revisions"}],"predecessor-version":[{"id":1886,"href":"https:\/\/aroundersenseofpurpose.eu\/es\/wp-json\/wp\/v2\/pages\/63\/revisions\/1886"}],"wp:attachment":[{"href":"https:\/\/aroundersenseofpurpose.eu\/es\/wp-json\/wp\/v2\/media?parent=63"}],"curies":[{"name":"wp","href":"https:\/\/api.w.org\/{rel}","templated":true}]}}