{"id":548,"date":"2020-04-10T15:24:06","date_gmt":"2020-04-10T14:24:06","guid":{"rendered":"https:\/\/aroundersenseofpurpose.eu\/es\/?page_id=548"},"modified":"2021-06-15T11:20:30","modified_gmt":"2021-06-15T10:20:30","slug":"sdg16","status":"publish","type":"page","link":"https:\/\/aroundersenseofpurpose.eu\/es\/sdgs\/sdg16\/","title":{"rendered":"Paz, justicia e instituciones s\u00f3lidas"},"content":{"rendered":"\n<p>Como dice la ONU, es importante abordar las amenazas a nivel internacional como los homicidios, la violencia contra los ni\u00f1os, la trata de personas y la violencia sexual para promover sociedades pac\u00edficas e inclusivas para el desarrollo sostenible. Allanan el camino para la provisi\u00f3n de acceso a la justicia para todas las personas y para la construcci\u00f3n de instituciones eficaces y responsables en todos los niveles.<\/p>\n","protected":false},"excerpt":{"rendered":"<p>Como dice la ONU, es importante abordar las amenazas a nivel internacional como los homicidios, la violencia contra los ni\u00f1os, la trata de personas y la violencia sexual para promover sociedades pac\u00edficas e inclusivas para el desarrollo sostenible. Allanan el camino para la provisi\u00f3n de acceso a la justicia para todas las personas y para [&hellip;]<\/p>\n","protected":false},"author":1,"featured_media":0,"parent":425,"menu_order":0,"comment_status":"closed","ping_status":"closed","template":"page-sdg.php","meta":{"footnotes":""},"class_list":["post-548","page","type-page","status-publish","hentry"],"_links":{"self":[{"href":"https:\/\/aroundersenseofpurpose.eu\/es\/wp-json\/wp\/v2\/pages\/548","targetHints":{"allow":["GET"]}}],"collection":[{"href":"https:\/\/aroundersenseofpurpose.eu\/es\/wp-json\/wp\/v2\/pages"}],"about":[{"href":"https:\/\/aroundersenseofpurpose.eu\/es\/wp-json\/wp\/v2\/types\/page"}],"author":[{"embeddable":true,"href":"https:\/\/aroundersenseofpurpose.eu\/es\/wp-json\/wp\/v2\/users\/1"}],"replies":[{"embeddable":true,"href":"https:\/\/aroundersenseofpurpose.eu\/es\/wp-json\/wp\/v2\/comments?post=548"}],"version-history":[{"count":5,"href":"https:\/\/aroundersenseofpurpose.eu\/es\/wp-json\/wp\/v2\/pages\/548\/revisions"}],"predecessor-version":[{"id":1948,"href":"https:\/\/aroundersenseofpurpose.eu\/es\/wp-json\/wp\/v2\/pages\/548\/revisions\/1948"}],"up":[{"embeddable":true,"href":"https:\/\/aroundersenseofpurpose.eu\/es\/wp-json\/wp\/v2\/pages\/425"}],"wp:attachment":[{"href":"https:\/\/aroundersenseofpurpose.eu\/es\/wp-json\/wp\/v2\/media?parent=548"}],"curies":[{"name":"wp","href":"https:\/\/api.w.org\/{rel}","templated":true}]}}