{"id":546,"date":"2020-04-10T15:22:50","date_gmt":"2020-04-10T14:22:50","guid":{"rendered":"https:\/\/aroundersenseofpurpose.eu\/es\/?page_id=546"},"modified":"2021-06-15T11:22:22","modified_gmt":"2021-06-15T10:22:22","slug":"sdg15","status":"publish","type":"page","link":"https:\/\/aroundersenseofpurpose.eu\/es\/sdgs\/sdg15\/","title":{"rendered":"Vida de ecosistemas terrestres"},"content":{"rendered":"\n<p>Como dice la ONU, los bosques cubren el 30,7 % de la superficie de la Tierra y, adem\u00e1s de brindar seguridad alimentaria y refugio, son fundamentales para combatir el cambio clim\u00e1tico y proteger la biodiversidad y los hogares de los pueblos ind\u00edgenas. Al proteger los bosques y otros h\u00e1bitats, podremos fortalecer la gesti\u00f3n de los recursos naturales y aumentar la productividad de la tierra.<\/p>\n","protected":false},"excerpt":{"rendered":"<p>Como dice la ONU, los bosques cubren el 30,7 % de la superficie de la Tierra y, adem\u00e1s de brindar seguridad alimentaria y refugio, son fundamentales para combatir el cambio clim\u00e1tico y proteger la biodiversidad y los hogares de los pueblos ind\u00edgenas. Al proteger los bosques y otros h\u00e1bitats, podremos fortalecer la gesti\u00f3n de los [&hellip;]<\/p>\n","protected":false},"author":1,"featured_media":0,"parent":425,"menu_order":0,"comment_status":"closed","ping_status":"closed","template":"page-sdg.php","meta":{"footnotes":""},"class_list":["post-546","page","type-page","status-publish","hentry"],"_links":{"self":[{"href":"https:\/\/aroundersenseofpurpose.eu\/es\/wp-json\/wp\/v2\/pages\/546","targetHints":{"allow":["GET"]}}],"collection":[{"href":"https:\/\/aroundersenseofpurpose.eu\/es\/wp-json\/wp\/v2\/pages"}],"about":[{"href":"https:\/\/aroundersenseofpurpose.eu\/es\/wp-json\/wp\/v2\/types\/page"}],"author":[{"embeddable":true,"href":"https:\/\/aroundersenseofpurpose.eu\/es\/wp-json\/wp\/v2\/users\/1"}],"replies":[{"embeddable":true,"href":"https:\/\/aroundersenseofpurpose.eu\/es\/wp-json\/wp\/v2\/comments?post=546"}],"version-history":[{"count":5,"href":"https:\/\/aroundersenseofpurpose.eu\/es\/wp-json\/wp\/v2\/pages\/546\/revisions"}],"predecessor-version":[{"id":1953,"href":"https:\/\/aroundersenseofpurpose.eu\/es\/wp-json\/wp\/v2\/pages\/546\/revisions\/1953"}],"up":[{"embeddable":true,"href":"https:\/\/aroundersenseofpurpose.eu\/es\/wp-json\/wp\/v2\/pages\/425"}],"wp:attachment":[{"href":"https:\/\/aroundersenseofpurpose.eu\/es\/wp-json\/wp\/v2\/media?parent=546"}],"curies":[{"name":"wp","href":"https:\/\/api.w.org\/{rel}","templated":true}]}}