{"id":542,"date":"2020-04-10T15:21:29","date_gmt":"2020-04-10T14:21:29","guid":{"rendered":"https:\/\/aroundersenseofpurpose.eu\/es\/?page_id=542"},"modified":"2021-06-15T11:17:07","modified_gmt":"2021-06-15T10:17:07","slug":"sdg13","status":"publish","type":"page","link":"https:\/\/aroundersenseofpurpose.eu\/es\/sdgs\/sdg13\/","title":{"rendered":"Acci\u00f3n por el clima"},"content":{"rendered":"\n<p>Como dice la ONU, el cambio clim\u00e1tico ya est\u00e1 afectando\u00a0 a todos los pa\u00edses de todos los continentes. Est\u00e1 alterando las econom\u00edas nacionales y afectando vidas, con un gran coste para las personas, las comunidades y los pa\u00edses a d\u00eda de hoy y a\u00fan m\u00e1s, ma\u00f1ana. Los patrones clim\u00e1ticos est\u00e1n cambiando, el nivel del mar est\u00e1 aumentando, los fen\u00f3menos meteorol\u00f3gicos se est\u00e1n volviendo m\u00e1s extremos y las emisiones de gases de efecto invernadero se encuentran ahora en los niveles m\u00e1s altos de la historia. Si no se toman medidas, es probable que el aumento de la temperatura superficial media mundial supere los 3 grados cent\u00edgrados este siglo. Las personas m\u00e1s pobres y vulnerables son las m\u00e1s afectadas.<\/p>\n","protected":false},"excerpt":{"rendered":"<p>Como dice la ONU, el cambio clim\u00e1tico ya est\u00e1 afectando\u00a0 a todos los pa\u00edses de todos los continentes. Est\u00e1 alterando las econom\u00edas nacionales y afectando vidas, con un gran coste para las personas, las comunidades y los pa\u00edses a d\u00eda de hoy y a\u00fan m\u00e1s, ma\u00f1ana. Los patrones clim\u00e1ticos est\u00e1n cambiando, el nivel del mar [&hellip;]<\/p>\n","protected":false},"author":1,"featured_media":0,"parent":425,"menu_order":0,"comment_status":"closed","ping_status":"closed","template":"page-sdg.php","meta":{"footnotes":""},"class_list":["post-542","page","type-page","status-publish","hentry"],"_links":{"self":[{"href":"https:\/\/aroundersenseofpurpose.eu\/es\/wp-json\/wp\/v2\/pages\/542","targetHints":{"allow":["GET"]}}],"collection":[{"href":"https:\/\/aroundersenseofpurpose.eu\/es\/wp-json\/wp\/v2\/pages"}],"about":[{"href":"https:\/\/aroundersenseofpurpose.eu\/es\/wp-json\/wp\/v2\/types\/page"}],"author":[{"embeddable":true,"href":"https:\/\/aroundersenseofpurpose.eu\/es\/wp-json\/wp\/v2\/users\/1"}],"replies":[{"embeddable":true,"href":"https:\/\/aroundersenseofpurpose.eu\/es\/wp-json\/wp\/v2\/comments?post=542"}],"version-history":[{"count":5,"href":"https:\/\/aroundersenseofpurpose.eu\/es\/wp-json\/wp\/v2\/pages\/542\/revisions"}],"predecessor-version":[{"id":1939,"href":"https:\/\/aroundersenseofpurpose.eu\/es\/wp-json\/wp\/v2\/pages\/542\/revisions\/1939"}],"up":[{"embeddable":true,"href":"https:\/\/aroundersenseofpurpose.eu\/es\/wp-json\/wp\/v2\/pages\/425"}],"wp:attachment":[{"href":"https:\/\/aroundersenseofpurpose.eu\/es\/wp-json\/wp\/v2\/media?parent=542"}],"curies":[{"name":"wp","href":"https:\/\/api.w.org\/{rel}","templated":true}]}}