{"id":540,"date":"2020-04-10T15:20:39","date_gmt":"2020-04-10T14:20:39","guid":{"rendered":"https:\/\/aroundersenseofpurpose.eu\/es\/?page_id=540"},"modified":"2021-06-15T11:20:52","modified_gmt":"2021-06-15T10:20:52","slug":"sdg12","status":"publish","type":"page","link":"https:\/\/aroundersenseofpurpose.eu\/es\/sdgs\/sdg12\/","title":{"rendered":"Producci\u00f3n y consumo responsables"},"content":{"rendered":"\n<p>Como dice la ONU, el consumo y la producci\u00f3n sostenibles promueven la eficiencia energ\u00e9tica y del uso de\u00a0 recursos y la infraestructura sostenible, as\u00ed como proporcionan acceso a servicios b\u00e1sicos, trabajos verdes y dignos y una mejor calidad de vida para todos. Su implementaci\u00f3n ayuda a lograr planes generales de desarrollo, reducir los costes econ\u00f3micos, ambientales y sociales futuros, fortalecer la competitividad econ\u00f3mica y reducir la pobreza.<\/p>\n","protected":false},"excerpt":{"rendered":"<p>Como dice la ONU, el consumo y la producci\u00f3n sostenibles promueven la eficiencia energ\u00e9tica y del uso de\u00a0 recursos y la infraestructura sostenible, as\u00ed como proporcionan acceso a servicios b\u00e1sicos, trabajos verdes y dignos y una mejor calidad de vida para todos. Su implementaci\u00f3n ayuda a lograr planes generales de desarrollo, reducir los costes econ\u00f3micos, [&hellip;]<\/p>\n","protected":false},"author":1,"featured_media":0,"parent":425,"menu_order":0,"comment_status":"closed","ping_status":"closed","template":"page-sdg.php","meta":{"footnotes":""},"class_list":["post-540","page","type-page","status-publish","hentry"],"_links":{"self":[{"href":"https:\/\/aroundersenseofpurpose.eu\/es\/wp-json\/wp\/v2\/pages\/540","targetHints":{"allow":["GET"]}}],"collection":[{"href":"https:\/\/aroundersenseofpurpose.eu\/es\/wp-json\/wp\/v2\/pages"}],"about":[{"href":"https:\/\/aroundersenseofpurpose.eu\/es\/wp-json\/wp\/v2\/types\/page"}],"author":[{"embeddable":true,"href":"https:\/\/aroundersenseofpurpose.eu\/es\/wp-json\/wp\/v2\/users\/1"}],"replies":[{"embeddable":true,"href":"https:\/\/aroundersenseofpurpose.eu\/es\/wp-json\/wp\/v2\/comments?post=540"}],"version-history":[{"count":5,"href":"https:\/\/aroundersenseofpurpose.eu\/es\/wp-json\/wp\/v2\/pages\/540\/revisions"}],"predecessor-version":[{"id":1949,"href":"https:\/\/aroundersenseofpurpose.eu\/es\/wp-json\/wp\/v2\/pages\/540\/revisions\/1949"}],"up":[{"embeddable":true,"href":"https:\/\/aroundersenseofpurpose.eu\/es\/wp-json\/wp\/v2\/pages\/425"}],"wp:attachment":[{"href":"https:\/\/aroundersenseofpurpose.eu\/es\/wp-json\/wp\/v2\/media?parent=540"}],"curies":[{"name":"wp","href":"https:\/\/api.w.org\/{rel}","templated":true}]}}