{"id":538,"date":"2020-04-10T15:20:00","date_gmt":"2020-04-10T14:20:00","guid":{"rendered":"https:\/\/aroundersenseofpurpose.eu\/es\/?page_id=538"},"modified":"2021-06-15T11:17:53","modified_gmt":"2021-06-15T10:17:53","slug":"sdg11","status":"publish","type":"page","link":"https:\/\/aroundersenseofpurpose.eu\/es\/sdgs\/sdg11\/","title":{"rendered":"Ciudades y comunidades sostenibles"},"content":{"rendered":"\n<p>Como dice la ONU, los desaf\u00edos de la urbanizaci\u00f3n r\u00e1pida, como la eliminaci\u00f3n y gesti\u00f3n seguras de los residuos s\u00f3lidos dentro de las ciudades, pueden superarse de manera que permitan continuar prosperando y creciendo, al tiempo que mejoran el uso de los recursos y reducen la contaminaci\u00f3n y la pobreza. Un ejemplo de ello es el aumento de la recogida de residuos municipales. Debe haber un futuro en el que las ciudades brinden oportunidades para todas las personas, con acceso a servicios b\u00e1sicos, energ\u00eda, vivienda y transporte, entre otros.<\/p>\n","protected":false},"excerpt":{"rendered":"<p>Como dice la ONU, los desaf\u00edos de la urbanizaci\u00f3n r\u00e1pida, como la eliminaci\u00f3n y gesti\u00f3n seguras de los residuos s\u00f3lidos dentro de las ciudades, pueden superarse de manera que permitan continuar prosperando y creciendo, al tiempo que mejoran el uso de los recursos y reducen la contaminaci\u00f3n y la pobreza. Un ejemplo de ello es [&hellip;]<\/p>\n","protected":false},"author":1,"featured_media":0,"parent":425,"menu_order":0,"comment_status":"closed","ping_status":"closed","template":"page-sdg.php","meta":{"footnotes":""},"class_list":["post-538","page","type-page","status-publish","hentry"],"_links":{"self":[{"href":"https:\/\/aroundersenseofpurpose.eu\/es\/wp-json\/wp\/v2\/pages\/538","targetHints":{"allow":["GET"]}}],"collection":[{"href":"https:\/\/aroundersenseofpurpose.eu\/es\/wp-json\/wp\/v2\/pages"}],"about":[{"href":"https:\/\/aroundersenseofpurpose.eu\/es\/wp-json\/wp\/v2\/types\/page"}],"author":[{"embeddable":true,"href":"https:\/\/aroundersenseofpurpose.eu\/es\/wp-json\/wp\/v2\/users\/1"}],"replies":[{"embeddable":true,"href":"https:\/\/aroundersenseofpurpose.eu\/es\/wp-json\/wp\/v2\/comments?post=538"}],"version-history":[{"count":6,"href":"https:\/\/aroundersenseofpurpose.eu\/es\/wp-json\/wp\/v2\/pages\/538\/revisions"}],"predecessor-version":[{"id":1941,"href":"https:\/\/aroundersenseofpurpose.eu\/es\/wp-json\/wp\/v2\/pages\/538\/revisions\/1941"}],"up":[{"embeddable":true,"href":"https:\/\/aroundersenseofpurpose.eu\/es\/wp-json\/wp\/v2\/pages\/425"}],"wp:attachment":[{"href":"https:\/\/aroundersenseofpurpose.eu\/es\/wp-json\/wp\/v2\/media?parent=538"}],"curies":[{"name":"wp","href":"https:\/\/api.w.org\/{rel}","templated":true}]}}