{"id":536,"date":"2020-04-10T15:19:21","date_gmt":"2020-04-10T14:19:21","guid":{"rendered":"https:\/\/aroundersenseofpurpose.eu\/es\/?page_id=536"},"modified":"2021-06-15T11:21:16","modified_gmt":"2021-06-15T10:21:16","slug":"sdg10","status":"publish","type":"page","link":"https:\/\/aroundersenseofpurpose.eu\/es\/sdgs\/sdg10\/","title":{"rendered":"Reducci\u00f3n de las desigualdades"},"content":{"rendered":"\n<p>Como dice la ONU, para reducir las desigualdades, las pol\u00edticas deben ser un principio universal, con atenci\u00f3n a las necesidades de las poblaciones desfavorecidas y marginadas. Es necesario que aumenten y se mantengan las condiciones comerciales favorables para las exportaciones de los pa\u00edses en desarrollo, adem\u00e1s de aumentar la proporci\u00f3n de votos de los pa\u00edses en desarrollo dentro del FMI. Por \u00faltimo, las innovaciones en tecnolog\u00eda pueden ayudar a reducir el coste de transferencia de dinero para los trabajadores migrantes.<\/p>\n","protected":false},"excerpt":{"rendered":"<p>Como dice la ONU, para reducir las desigualdades, las pol\u00edticas deben ser un principio universal, con atenci\u00f3n a las necesidades de las poblaciones desfavorecidas y marginadas. Es necesario que aumenten y se mantengan las condiciones comerciales favorables para las exportaciones de los pa\u00edses en desarrollo, adem\u00e1s de aumentar la proporci\u00f3n de votos de los pa\u00edses [&hellip;]<\/p>\n","protected":false},"author":1,"featured_media":0,"parent":425,"menu_order":0,"comment_status":"closed","ping_status":"closed","template":"page-sdg.php","meta":{"footnotes":""},"class_list":["post-536","page","type-page","status-publish","hentry"],"_links":{"self":[{"href":"https:\/\/aroundersenseofpurpose.eu\/es\/wp-json\/wp\/v2\/pages\/536","targetHints":{"allow":["GET"]}}],"collection":[{"href":"https:\/\/aroundersenseofpurpose.eu\/es\/wp-json\/wp\/v2\/pages"}],"about":[{"href":"https:\/\/aroundersenseofpurpose.eu\/es\/wp-json\/wp\/v2\/types\/page"}],"author":[{"embeddable":true,"href":"https:\/\/aroundersenseofpurpose.eu\/es\/wp-json\/wp\/v2\/users\/1"}],"replies":[{"embeddable":true,"href":"https:\/\/aroundersenseofpurpose.eu\/es\/wp-json\/wp\/v2\/comments?post=536"}],"version-history":[{"count":5,"href":"https:\/\/aroundersenseofpurpose.eu\/es\/wp-json\/wp\/v2\/pages\/536\/revisions"}],"predecessor-version":[{"id":1950,"href":"https:\/\/aroundersenseofpurpose.eu\/es\/wp-json\/wp\/v2\/pages\/536\/revisions\/1950"}],"up":[{"embeddable":true,"href":"https:\/\/aroundersenseofpurpose.eu\/es\/wp-json\/wp\/v2\/pages\/425"}],"wp:attachment":[{"href":"https:\/\/aroundersenseofpurpose.eu\/es\/wp-json\/wp\/v2\/media?parent=536"}],"curies":[{"name":"wp","href":"https:\/\/api.w.org\/{rel}","templated":true}]}}