{"id":534,"date":"2020-04-10T15:18:25","date_gmt":"2020-04-10T14:18:25","guid":{"rendered":"https:\/\/aroundersenseofpurpose.eu\/es\/?page_id=534"},"modified":"2021-06-15T11:20:07","modified_gmt":"2021-06-15T10:20:07","slug":"sdg9","status":"publish","type":"page","link":"https:\/\/aroundersenseofpurpose.eu\/es\/sdgs\/sdg9\/","title":{"rendered":"Industria, innovaci\u00f3n e infraestructura"},"content":{"rendered":"\n<p>Como dice la ONU, las inversiones en infraestructuras \u2014transporte, riego, energ\u00eda y tecnolog\u00eda de la informaci\u00f3n y la comunicaci\u00f3n\u2014 son cruciales para alcanzar un desarrollo sostenible y para capacitar a las comunidades en muchos pa\u00edses. Durante mucho tiempo se ha reconocido que el crecimiento de la productividad y de los ingresos y las mejoras de los resultados en salud y educaci\u00f3n requieren inversi\u00f3n en infraestructura.<\/p>\n","protected":false},"excerpt":{"rendered":"<p>Como dice la ONU, las inversiones en infraestructuras \u2014transporte, riego, energ\u00eda y tecnolog\u00eda de la informaci\u00f3n y la comunicaci\u00f3n\u2014 son cruciales para alcanzar un desarrollo sostenible y para capacitar a las comunidades en muchos pa\u00edses. Durante mucho tiempo se ha reconocido que el crecimiento de la productividad y de los ingresos y las mejoras de [&hellip;]<\/p>\n","protected":false},"author":1,"featured_media":0,"parent":425,"menu_order":0,"comment_status":"closed","ping_status":"closed","template":"page-sdg.php","meta":{"footnotes":""},"class_list":["post-534","page","type-page","status-publish","hentry"],"_links":{"self":[{"href":"https:\/\/aroundersenseofpurpose.eu\/es\/wp-json\/wp\/v2\/pages\/534","targetHints":{"allow":["GET"]}}],"collection":[{"href":"https:\/\/aroundersenseofpurpose.eu\/es\/wp-json\/wp\/v2\/pages"}],"about":[{"href":"https:\/\/aroundersenseofpurpose.eu\/es\/wp-json\/wp\/v2\/types\/page"}],"author":[{"embeddable":true,"href":"https:\/\/aroundersenseofpurpose.eu\/es\/wp-json\/wp\/v2\/users\/1"}],"replies":[{"embeddable":true,"href":"https:\/\/aroundersenseofpurpose.eu\/es\/wp-json\/wp\/v2\/comments?post=534"}],"version-history":[{"count":5,"href":"https:\/\/aroundersenseofpurpose.eu\/es\/wp-json\/wp\/v2\/pages\/534\/revisions"}],"predecessor-version":[{"id":1947,"href":"https:\/\/aroundersenseofpurpose.eu\/es\/wp-json\/wp\/v2\/pages\/534\/revisions\/1947"}],"up":[{"embeddable":true,"href":"https:\/\/aroundersenseofpurpose.eu\/es\/wp-json\/wp\/v2\/pages\/425"}],"wp:attachment":[{"href":"https:\/\/aroundersenseofpurpose.eu\/es\/wp-json\/wp\/v2\/media?parent=534"}],"curies":[{"name":"wp","href":"https:\/\/api.w.org\/{rel}","templated":true}]}}