{"id":532,"date":"2020-04-10T15:17:15","date_gmt":"2020-04-10T14:17:15","guid":{"rendered":"https:\/\/aroundersenseofpurpose.eu\/es\/?page_id=532"},"modified":"2021-06-15T11:21:59","modified_gmt":"2021-06-15T10:21:59","slug":"sdg8","status":"publish","type":"page","link":"https:\/\/aroundersenseofpurpose.eu\/es\/sdgs\/sdg8\/","title":{"rendered":"Trabajo decente y crecimiento econ\u00f3mico"},"content":{"rendered":"\n<p>Como dice la ONU, el crecimiento econ\u00f3mico sostenible requerir\u00e1 que las sociedades creen las condiciones que permitan a las personas tener empleos de calidad que estimulen la econom\u00eda sin da\u00f1ar el medio ambiente. Tambi\u00e9n se requieren oportunidades de empleo y condiciones de trabajo dignas para toda la poblaci\u00f3n en edad de trabajar. Es necesario un mayor acceso a los servicios financieros para administrar los ingresos, acumular activos y realizar inversiones productivas. El aumento de los compromisos con la infraestructura comercial, bancaria y agr\u00edcola tambi\u00e9n ayudar\u00e1 a aumentar la productividad y reducir los niveles de desempleo en las regiones m\u00e1s empobrecidas del mundo.<\/p>\n","protected":false},"excerpt":{"rendered":"<p>Como dice la ONU, el crecimiento econ\u00f3mico sostenible requerir\u00e1 que las sociedades creen las condiciones que permitan a las personas tener empleos de calidad que estimulen la econom\u00eda sin da\u00f1ar el medio ambiente. Tambi\u00e9n se requieren oportunidades de empleo y condiciones de trabajo dignas para toda la poblaci\u00f3n en edad de trabajar. Es necesario un [&hellip;]<\/p>\n","protected":false},"author":1,"featured_media":0,"parent":425,"menu_order":0,"comment_status":"closed","ping_status":"closed","template":"page-sdg.php","meta":{"footnotes":""},"class_list":["post-532","page","type-page","status-publish","hentry"],"_links":{"self":[{"href":"https:\/\/aroundersenseofpurpose.eu\/es\/wp-json\/wp\/v2\/pages\/532","targetHints":{"allow":["GET"]}}],"collection":[{"href":"https:\/\/aroundersenseofpurpose.eu\/es\/wp-json\/wp\/v2\/pages"}],"about":[{"href":"https:\/\/aroundersenseofpurpose.eu\/es\/wp-json\/wp\/v2\/types\/page"}],"author":[{"embeddable":true,"href":"https:\/\/aroundersenseofpurpose.eu\/es\/wp-json\/wp\/v2\/users\/1"}],"replies":[{"embeddable":true,"href":"https:\/\/aroundersenseofpurpose.eu\/es\/wp-json\/wp\/v2\/comments?post=532"}],"version-history":[{"count":5,"href":"https:\/\/aroundersenseofpurpose.eu\/es\/wp-json\/wp\/v2\/pages\/532\/revisions"}],"predecessor-version":[{"id":1952,"href":"https:\/\/aroundersenseofpurpose.eu\/es\/wp-json\/wp\/v2\/pages\/532\/revisions\/1952"}],"up":[{"embeddable":true,"href":"https:\/\/aroundersenseofpurpose.eu\/es\/wp-json\/wp\/v2\/pages\/425"}],"wp:attachment":[{"href":"https:\/\/aroundersenseofpurpose.eu\/es\/wp-json\/wp\/v2\/media?parent=532"}],"curies":[{"name":"wp","href":"https:\/\/api.w.org\/{rel}","templated":true}]}}