{"id":530,"date":"2020-04-10T15:16:15","date_gmt":"2020-04-10T14:16:15","guid":{"rendered":"https:\/\/aroundersenseofpurpose.eu\/es\/?page_id=530"},"modified":"2021-06-15T11:18:40","modified_gmt":"2021-06-15T10:18:40","slug":"sdg7","status":"publish","type":"page","link":"https:\/\/aroundersenseofpurpose.eu\/es\/sdgs\/sdg7\/","title":{"rendered":"Energ\u00eda asequible y no contaminante"},"content":{"rendered":"\n<p>Como dice la ONU, la energ\u00eda es clave en casi todos los desaf\u00edos y oportunidades importantes a los que se enfrenta el mundo en la actualidad. Ya sea para el empleo, la seguridad, el cambio clim\u00e1tico, la producci\u00f3n de alimentos o el aumento de los ingresos, el acceso a la energ\u00eda es esencial para todas las personas. Trabajar hacia este objetivo es especialmente importante, ya que se vincula con otros objetivos de desarrollo sostenible. Centrarse en el acceso universal a la energ\u00eda, el aumento de la eficiencia energ\u00e9tica y el incremento del uso de energ\u00edas renovables a trav\u00e9s de nuevas oportunidades econ\u00f3micas y laborales es crucial para crear comunidades m\u00e1s sostenibles e inclusivas y para ser resilientes ante problemas ambientales como el cambio clim\u00e1tico.<\/p>\n","protected":false},"excerpt":{"rendered":"<p>Como dice la ONU, la energ\u00eda es clave en casi todos los desaf\u00edos y oportunidades importantes a los que se enfrenta el mundo en la actualidad. Ya sea para el empleo, la seguridad, el cambio clim\u00e1tico, la producci\u00f3n de alimentos o el aumento de los ingresos, el acceso a la energ\u00eda es esencial para todas [&hellip;]<\/p>\n","protected":false},"author":1,"featured_media":0,"parent":425,"menu_order":0,"comment_status":"closed","ping_status":"closed","template":"page-sdg.php","meta":{"footnotes":""},"class_list":["post-530","page","type-page","status-publish","hentry"],"_links":{"self":[{"href":"https:\/\/aroundersenseofpurpose.eu\/es\/wp-json\/wp\/v2\/pages\/530","targetHints":{"allow":["GET"]}}],"collection":[{"href":"https:\/\/aroundersenseofpurpose.eu\/es\/wp-json\/wp\/v2\/pages"}],"about":[{"href":"https:\/\/aroundersenseofpurpose.eu\/es\/wp-json\/wp\/v2\/types\/page"}],"author":[{"embeddable":true,"href":"https:\/\/aroundersenseofpurpose.eu\/es\/wp-json\/wp\/v2\/users\/1"}],"replies":[{"embeddable":true,"href":"https:\/\/aroundersenseofpurpose.eu\/es\/wp-json\/wp\/v2\/comments?post=530"}],"version-history":[{"count":5,"href":"https:\/\/aroundersenseofpurpose.eu\/es\/wp-json\/wp\/v2\/pages\/530\/revisions"}],"predecessor-version":[{"id":1943,"href":"https:\/\/aroundersenseofpurpose.eu\/es\/wp-json\/wp\/v2\/pages\/530\/revisions\/1943"}],"up":[{"embeddable":true,"href":"https:\/\/aroundersenseofpurpose.eu\/es\/wp-json\/wp\/v2\/pages\/425"}],"wp:attachment":[{"href":"https:\/\/aroundersenseofpurpose.eu\/es\/wp-json\/wp\/v2\/media?parent=530"}],"curies":[{"name":"wp","href":"https:\/\/api.w.org\/{rel}","templated":true}]}}