{"id":528,"date":"2020-04-10T15:13:40","date_gmt":"2020-04-10T14:13:40","guid":{"rendered":"https:\/\/aroundersenseofpurpose.eu\/es\/?page_id=528"},"modified":"2021-06-15T11:17:29","modified_gmt":"2021-06-15T10:17:29","slug":"sdg6","status":"publish","type":"page","link":"https:\/\/aroundersenseofpurpose.eu\/es\/sdgs\/sdg6\/","title":{"rendered":"Agua limpia y saneamiento"},"content":{"rendered":"\n<p>Como dice la ONU, el agua limpia y accesible para todos es esencial, y hay suficiente agua dulce en el planeta para lograrlo. Sin embargo, debido a las pol\u00edticas econ\u00f3micas o a infraestructura deficiente, millones de personas, incluidos ni\u00f1os y ni\u00f1as, mueren cada a\u00f1o por enfermedades asociadas al suministro de agua, saneamiento e higiene inadecuados.<\/p>\n","protected":false},"excerpt":{"rendered":"<p>Como dice la ONU, el agua limpia y accesible para todos es esencial, y hay suficiente agua dulce en el planeta para lograrlo. Sin embargo, debido a las pol\u00edticas econ\u00f3micas o a infraestructura deficiente, millones de personas, incluidos ni\u00f1os y ni\u00f1as, mueren cada a\u00f1o por enfermedades asociadas al suministro de agua, saneamiento e higiene inadecuados.<\/p>\n","protected":false},"author":1,"featured_media":0,"parent":425,"menu_order":0,"comment_status":"closed","ping_status":"closed","template":"page-sdg.php","meta":{"footnotes":""},"class_list":["post-528","page","type-page","status-publish","hentry"],"_links":{"self":[{"href":"https:\/\/aroundersenseofpurpose.eu\/es\/wp-json\/wp\/v2\/pages\/528","targetHints":{"allow":["GET"]}}],"collection":[{"href":"https:\/\/aroundersenseofpurpose.eu\/es\/wp-json\/wp\/v2\/pages"}],"about":[{"href":"https:\/\/aroundersenseofpurpose.eu\/es\/wp-json\/wp\/v2\/types\/page"}],"author":[{"embeddable":true,"href":"https:\/\/aroundersenseofpurpose.eu\/es\/wp-json\/wp\/v2\/users\/1"}],"replies":[{"embeddable":true,"href":"https:\/\/aroundersenseofpurpose.eu\/es\/wp-json\/wp\/v2\/comments?post=528"}],"version-history":[{"count":5,"href":"https:\/\/aroundersenseofpurpose.eu\/es\/wp-json\/wp\/v2\/pages\/528\/revisions"}],"predecessor-version":[{"id":1940,"href":"https:\/\/aroundersenseofpurpose.eu\/es\/wp-json\/wp\/v2\/pages\/528\/revisions\/1940"}],"up":[{"embeddable":true,"href":"https:\/\/aroundersenseofpurpose.eu\/es\/wp-json\/wp\/v2\/pages\/425"}],"wp:attachment":[{"href":"https:\/\/aroundersenseofpurpose.eu\/es\/wp-json\/wp\/v2\/media?parent=528"}],"curies":[{"name":"wp","href":"https:\/\/api.w.org\/{rel}","templated":true}]}}