{"id":526,"date":"2020-04-10T15:12:45","date_gmt":"2020-04-10T14:12:45","guid":{"rendered":"https:\/\/aroundersenseofpurpose.eu\/es\/?page_id=526"},"modified":"2021-06-15T11:19:45","modified_gmt":"2021-06-15T10:19:45","slug":"sdg5","status":"publish","type":"page","link":"https:\/\/aroundersenseofpurpose.eu\/es\/sdgs\/sdg5\/","title":{"rendered":"Igualdad de g\u00e9nero"},"content":{"rendered":"\n<p>Como dice la ONU, brindar a las mujeres y ni\u00f1as igualdad de acceso a la educaci\u00f3n, la atenci\u00f3n m\u00e9dica, el trabajo digno y la representaci\u00f3n en los procesos de toma de decisiones pol\u00edticas y econ\u00f3micas impulsar\u00e1 las econom\u00edas sostenibles y beneficiar\u00e1 a las sociedades y a la humanidad en general. La implementaci\u00f3n de nuevos marcos legales con respecto a la igualdad de la mujer en el lugar de trabajo y la erradicaci\u00f3n de las pr\u00e1cticas nocivas dirigidas a las mujeres es fundamental para poner fin a la discriminaci\u00f3n de g\u00e9nero que prevalece en muchos pa\u00edses del mundo.<\/p>\n","protected":false},"excerpt":{"rendered":"<p>Como dice la ONU, brindar a las mujeres y ni\u00f1as igualdad de acceso a la educaci\u00f3n, la atenci\u00f3n m\u00e9dica, el trabajo digno y la representaci\u00f3n en los procesos de toma de decisiones pol\u00edticas y econ\u00f3micas impulsar\u00e1 las econom\u00edas sostenibles y beneficiar\u00e1 a las sociedades y a la humanidad en general. La implementaci\u00f3n de nuevos marcos [&hellip;]<\/p>\n","protected":false},"author":1,"featured_media":0,"parent":425,"menu_order":0,"comment_status":"closed","ping_status":"closed","template":"page-sdg.php","meta":{"footnotes":""},"class_list":["post-526","page","type-page","status-publish","hentry"],"_links":{"self":[{"href":"https:\/\/aroundersenseofpurpose.eu\/es\/wp-json\/wp\/v2\/pages\/526","targetHints":{"allow":["GET"]}}],"collection":[{"href":"https:\/\/aroundersenseofpurpose.eu\/es\/wp-json\/wp\/v2\/pages"}],"about":[{"href":"https:\/\/aroundersenseofpurpose.eu\/es\/wp-json\/wp\/v2\/types\/page"}],"author":[{"embeddable":true,"href":"https:\/\/aroundersenseofpurpose.eu\/es\/wp-json\/wp\/v2\/users\/1"}],"replies":[{"embeddable":true,"href":"https:\/\/aroundersenseofpurpose.eu\/es\/wp-json\/wp\/v2\/comments?post=526"}],"version-history":[{"count":5,"href":"https:\/\/aroundersenseofpurpose.eu\/es\/wp-json\/wp\/v2\/pages\/526\/revisions"}],"predecessor-version":[{"id":1946,"href":"https:\/\/aroundersenseofpurpose.eu\/es\/wp-json\/wp\/v2\/pages\/526\/revisions\/1946"}],"up":[{"embeddable":true,"href":"https:\/\/aroundersenseofpurpose.eu\/es\/wp-json\/wp\/v2\/pages\/425"}],"wp:attachment":[{"href":"https:\/\/aroundersenseofpurpose.eu\/es\/wp-json\/wp\/v2\/media?parent=526"}],"curies":[{"name":"wp","href":"https:\/\/api.w.org\/{rel}","templated":true}]}}